{"id":2855,"date":"2025-07-21T13:28:48","date_gmt":"2025-07-21T13:28:48","guid":{"rendered":"https:\/\/neuro-medica.pl\/?page_id=2855"},"modified":"2025-07-21T14:37:48","modified_gmt":"2025-07-21T14:37:48","slug":"test-bravermana-podsumowanie","status":"publish","type":"page","link":"https:\/\/neuro-medica.pl\/en\/test-bravermana-podsumowanie\/","title":{"rendered":"Test Bravermana podsumowanie"},"content":{"rendered":"\t\t<div data-elementor-type=\"wp-page\" data-elementor-id=\"2855\" class=\"elementor elementor-2855\" data-elementor-settings=\"{&quot;ha_cmc_init_switcher&quot;:&quot;no&quot;}\" data-elementor-post-type=\"page\">\n\t\t\t\t<div class=\"elementor-element elementor-element-16c752fb e-flex e-con-boxed e-con e-parent\" data-id=\"16c752fb\" data-element_type=\"container\" data-e-type=\"container\" data-settings=\"{&quot;_ha_eqh_enable&quot;:false}\">\n\t\t\t\t\t<div class=\"e-con-inner\">\n\t\t\t\t<div class=\"elementor-element elementor-element-776bff9 elementor-widget elementor-widget-shortcode\" data-id=\"776bff9\" data-element_type=\"widget\" data-e-type=\"widget\" data-widget_type=\"shortcode.default\">\n\t\t\t\t<div class=\"elementor-widget-container\">\n\t\t\t\t\t\t\t<div class=\"elementor-shortcode\"><style>\n    .braverman-summary-outer {\n        width: 100%;\n        max-width: 1440px;\n        margin: 0 auto;\n        padding: 64px 0 68px 0;\n        background: #fff;\n        box-sizing: border-box;\n    }\n    .braverman-summary-flex { display: flex; flex-direction: column; gap: 0px; }\n    .braverman-summary-row {\n        display: flex; flex-direction: row; align-items: stretch; width: 100%;\n        padding: 38px 0 38px 0;\n        position: relative;\n    }\n    .braverman-summary-header { font-size: 2em; font-weight: 700; margin: 0 0 56px 0; text-align: left; letter-spacing: 1px;}\n    .braverman-sum-bar-col { width:45%; min-width:260px; max-width: 600px; display:flex; flex-direction:column; justify-content: center; }\n    .braverman-sum-bar-title { font-size: 1.38em; font-weight: 700; margin-bottom: 18px; color: #27425a;}\n    .bar-sum-premium-container { width: 100%; height: 44px; background: #f3f3f3; border-radius: 12px; margin-bottom: 0; position: relative; }\n    .bar-sum-premium-natura, .bar-sum-premium-deficyty { height: 44px; color: #fff; display: flex; align-items: center; font-weight: 600; font-size: 1.05em;}\n    .bar-sum-center-line {position:absolute; left:50%; top:0; width:2px; height:44px; background:#bdbdbd; z-index:10; transform:translateX(-1px);}\n    .braverman-sum-bar-labels {display:flex; flex-direction:row; justify-content:space-between; margin-top:7px;}\n    .braverman-bar-label-left {font-size: 1.08em; font-weight: 500; color: #4a4a4a; text-align:left;}\n    .braverman-bar-label-right {font-size: 1.08em; font-weight: 500; color: #4a4a4a; text-align:right;}\n    .braverman-sum-pies-col { width:50%; min-width:200px; max-width:650px; display: flex; flex-direction: row; align-items: flex-end; justify-content: space-between; gap: 36px; padding: 8px 0 10px 120px;}\n    .braverman-pie-sum-wrap { position: relative; width: 95px; height: 145px; display: flex; flex-direction: column; align-items: center;}\n    .braverman-pie-sum-outer { position: absolute; left: 0; top: 0; width: 92px; height: 92px; z-index:2;}\n    .braverman-pie-sum-inner { position: absolute; left: 19px; top: 19px; width: 54px; height: 54px; z-index:3; pointer-events: none;}\n    .braverman-pie-sum-label { font-size: 1.08em; font-weight: 700; color: #27425a; text-align: center; margin-top: 101px; margin-bottom: 0;}\n    .braverman-pie-sum-val-natura { color: #8dd35f; font-size:0.98em; margin-top:4px; font-weight:500;}\n    .braverman-pie-sum-val-deficyt { color: #e8615a; font-size:0.95em; margin-bottom:1px;}\n    .braverman-divider {\n        width: 99%; max-width: 1200px; height:0.3px; margin-top:30px !important;\n        margin: 0 auto; \n        background: linear-gradient(90deg,rgba(170,190,170,0.15),rgba(100,120,130,0.05) 60%,rgba(170,190,170,0.15) 100%);\n        border:none; border-radius:4px; \n        opacity:0.25;\n    }\n    @media (max-width: 1100px) { \n        .braverman-summary-row {flex-direction: column;} \n        .braverman-sum-bar-col, .braverman-sum-pies-col {width:100%; max-width:100%; margin-bottom:22px;} \n        .braverman-sum-pies-col {justify-content: space-between; gap:18px;padding: 8px 0 10px 0;} \n    }\n    <\/style><div class=\"braverman-summary-outer\"><div id=\"braverman-summary-area\" class=\"braverman-summary-flex\"><h2 class=\"braverman-summary-header\">Gratulacje! Uko\u0144czy\u0142e\u015b ca\u0142y test Bravermana, poni\u017cej znajdziesz podsumowanie.<\/h2><div class=\"braverman-summary-row\"><div class=\"braverman-sum-bar-col\"><div class=\"braverman-sum-bar-title\">Dopamina<\/div><div class=\"bar-sum-premium-container\" style=\"position:relative;\"><div class=\"bar-sum-center-line\"><\/div><div class=\"bar-sum-premium-natura\" style=\"\n            width:14%;\n            left:0;\n            background:linear-gradient(90deg,rgba(148,237,116,1) 0%,rgba(176,245,157,1) 100%);\n            position:absolute;\n            top:0; bottom:0;\n            border-radius:12px 0 0 12px;\n            z-index:2;\"><\/div><div class=\"bar-sum-premium-deficyty\" style=\"\n            width:10%;\n            right:0;\n            background:linear-gradient(90deg,rgba(237,90,90,1) 0%,rgba(250,143,143,1) 100%);\n            position:absolute;\n            top:0; bottom:0;\n            border-radius:0 12px 12px 0;\n            z-index:3;\"><\/div><\/div><div class=\"braverman-sum-bar-labels\"><div class=\"braverman-bar-label-left\">Natura: 14 \/ 50<\/div><div class=\"braverman-bar-label-right\">Deficyty: 5 \/ 25<\/div><\/div><\/div><div class=\"braverman-sum-pies-col\"><div class=\"braverman-pie-sum-wrap\"><canvas class=\"braverman-pie-sum-outer\" id=\"pie_sum_deficyty_dopamina_cialo_69e0f5454325d\" width=\"92\" height=\"92\"><\/canvas><canvas class=\"braverman-pie-sum-inner\" id=\"pie_sum_natura_dopamina_cialo_69e0f5454325d\" width=\"54\" height=\"54\" style=\"pointer-events:none;\"><\/canvas><div class=\"braverman-pie-sum-label\">Cia\u0142o<\/div><div class=\"braverman-pie-sum-val-natura\">Natura: 42%<\/div><div class=\"braverman-pie-sum-val-deficyt\">Deficyt: 10%<\/div><\/div><div class=\"braverman-pie-sum-wrap\"><canvas class=\"braverman-pie-sum-outer\" id=\"pie_sum_deficyty_dopamina_umysl_69e0f54543261\" width=\"92\" height=\"92\"><\/canvas><canvas class=\"braverman-pie-sum-inner\" id=\"pie_sum_natura_dopamina_umysl_69e0f54543261\" width=\"54\" height=\"54\" style=\"pointer-events:none;\"><\/canvas><div class=\"braverman-pie-sum-label\">Umys\u0142<\/div><div class=\"braverman-pie-sum-val-natura\">Natura: 23%<\/div><div class=\"braverman-pie-sum-val-deficyt\">Deficyt: 13%<\/div><\/div><div class=\"braverman-pie-sum-wrap\"><canvas class=\"braverman-pie-sum-outer\" id=\"pie_sum_deficyty_dopamina_emocje_69e0f54543262\" width=\"92\" height=\"92\"><\/canvas><canvas class=\"braverman-pie-sum-inner\" id=\"pie_sum_natura_dopamina_emocje_69e0f54543262\" width=\"54\" height=\"54\" style=\"pointer-events:none;\"><\/canvas><div class=\"braverman-pie-sum-label\">Emocje<\/div><div class=\"braverman-pie-sum-val-natura\">Natura: 25%<\/div><div class=\"braverman-pie-sum-val-deficyt\">Deficyt: 43%<\/div><\/div><\/div><\/div><hr class=\"braverman-divider\" \/><div class=\"braverman-summary-row\"><div class=\"braverman-sum-bar-col\"><div class=\"braverman-sum-bar-title\">Acetylocholina<\/div><div class=\"bar-sum-premium-container\" style=\"position:relative;\"><div class=\"bar-sum-center-line\"><\/div><div class=\"bar-sum-premium-natura\" style=\"\n            width:11%;\n            left:0;\n            background:linear-gradient(90deg,rgba(148,237,116,1) 0%,rgba(176,245,157,1) 100%);\n            position:absolute;\n            top:0; bottom:0;\n            border-radius:12px 0 0 12px;\n            z-index:2;\"><\/div><div class=\"bar-sum-premium-deficyty\" style=\"\n            width:16%;\n            right:0;\n            background:linear-gradient(90deg,rgba(237,90,90,1) 0%,rgba(250,143,143,1) 100%);\n            position:absolute;\n            top:0; bottom:0;\n            border-radius:0 12px 12px 0;\n            z-index:3;\"><\/div><\/div><div class=\"braverman-sum-bar-labels\"><div class=\"braverman-bar-label-left\">Natura: 11 \/ 50<\/div><div class=\"braverman-bar-label-right\">Deficyty: 8 \/ 25<\/div><\/div><\/div><div class=\"braverman-sum-pies-col\"><div class=\"braverman-pie-sum-wrap\"><canvas class=\"braverman-pie-sum-outer\" id=\"pie_sum_deficyty_acetylocholina_cialo_69e0f54543267\" width=\"92\" height=\"92\"><\/canvas><canvas class=\"braverman-pie-sum-inner\" id=\"pie_sum_natura_acetylocholina_cialo_69e0f54543267\" width=\"54\" height=\"54\" style=\"pointer-events:none;\"><\/canvas><div class=\"braverman-pie-sum-label\">Cia\u0142o<\/div><div class=\"braverman-pie-sum-val-natura\">Natura: 40%<\/div><div class=\"braverman-pie-sum-val-deficyt\">Deficyt: 17%<\/div><\/div><div class=\"braverman-pie-sum-wrap\"><canvas class=\"braverman-pie-sum-outer\" id=\"pie_sum_deficyty_acetylocholina_umysl_69e0f54543268\" width=\"92\" height=\"92\"><\/canvas><canvas class=\"braverman-pie-sum-inner\" id=\"pie_sum_natura_acetylocholina_umysl_69e0f54543268\" width=\"54\" height=\"54\" style=\"pointer-events:none;\"><\/canvas><div class=\"braverman-pie-sum-label\">Umys\u0142<\/div><div class=\"braverman-pie-sum-val-natura\">Natura: 13%<\/div><div class=\"braverman-pie-sum-val-deficyt\">Deficyt: 0%<\/div><\/div><div class=\"braverman-pie-sum-wrap\"><canvas class=\"braverman-pie-sum-outer\" id=\"pie_sum_deficyty_acetylocholina_emocje_69e0f54543269\" width=\"92\" height=\"92\"><\/canvas><canvas class=\"braverman-pie-sum-inner\" id=\"pie_sum_natura_acetylocholina_emocje_69e0f54543269\" width=\"54\" height=\"54\" style=\"pointer-events:none;\"><\/canvas><div class=\"braverman-pie-sum-label\">Emocje<\/div><div class=\"braverman-pie-sum-val-natura\">Natura: 21%<\/div><div class=\"braverman-pie-sum-val-deficyt\">Deficyt: 58%<\/div><\/div><\/div><\/div><hr class=\"braverman-divider\" \/><div class=\"braverman-summary-row\"><div class=\"braverman-sum-bar-col\"><div class=\"braverman-sum-bar-title\">GABA<\/div><div class=\"bar-sum-premium-container\" style=\"position:relative;\"><div class=\"bar-sum-center-line\"><\/div><div class=\"bar-sum-premium-natura\" style=\"\n            width:8%;\n            left:0;\n            background:linear-gradient(90deg,rgba(148,237,116,1) 0%,rgba(176,245,157,1) 100%);\n            position:absolute;\n            top:0; bottom:0;\n            border-radius:12px 0 0 12px;\n            z-index:2;\"><\/div><div class=\"bar-sum-premium-deficyty\" style=\"\n            width:12%;\n            right:0;\n            background:linear-gradient(90deg,rgba(237,90,90,1) 0%,rgba(250,143,143,1) 100%);\n            position:absolute;\n            top:0; bottom:0;\n            border-radius:0 12px 12px 0;\n            z-index:3;\"><\/div><\/div><div class=\"braverman-sum-bar-labels\"><div class=\"braverman-bar-label-left\">Natura: 8 \/ 50<\/div><div class=\"braverman-bar-label-right\">Deficyty: 9 \/ 40<\/div><\/div><\/div><div class=\"braverman-sum-pies-col\"><div class=\"braverman-pie-sum-wrap\"><canvas class=\"braverman-pie-sum-outer\" id=\"pie_sum_deficyty_gaba_cialo_69e0f5454326c\" width=\"92\" height=\"92\"><\/canvas><canvas class=\"braverman-pie-sum-inner\" id=\"pie_sum_natura_gaba_cialo_69e0f5454326c\" width=\"54\" height=\"54\" style=\"pointer-events:none;\"><\/canvas><div class=\"braverman-pie-sum-label\">Cia\u0142o<\/div><div class=\"braverman-pie-sum-val-natura\">Natura: 42%<\/div><div class=\"braverman-pie-sum-val-deficyt\">Deficyt: 13%<\/div><\/div><div class=\"braverman-pie-sum-wrap\"><canvas class=\"braverman-pie-sum-outer\" id=\"pie_sum_deficyty_gaba_umysl_69e0f5454326e\" width=\"92\" height=\"92\"><\/canvas><canvas class=\"braverman-pie-sum-inner\" id=\"pie_sum_natura_gaba_umysl_69e0f5454326e\" width=\"54\" height=\"54\" style=\"pointer-events:none;\"><\/canvas><div class=\"braverman-pie-sum-label\">Umys\u0142<\/div><div class=\"braverman-pie-sum-val-natura\">Natura: 15%<\/div><div class=\"braverman-pie-sum-val-deficyt\">Deficyt: 33%<\/div><\/div><div class=\"braverman-pie-sum-wrap\"><canvas class=\"braverman-pie-sum-outer\" id=\"pie_sum_deficyty_gaba_emocje_69e0f5454326f\" width=\"92\" height=\"92\"><\/canvas><canvas class=\"braverman-pie-sum-inner\" id=\"pie_sum_natura_gaba_emocje_69e0f5454326f\" width=\"54\" height=\"54\" style=\"pointer-events:none;\"><\/canvas><div class=\"braverman-pie-sum-label\">Emocje<\/div><div class=\"braverman-pie-sum-val-natura\">Natura: 0%<\/div><div class=\"braverman-pie-sum-val-deficyt\">Deficyt: 25%<\/div><\/div><\/div><\/div><hr class=\"braverman-divider\" \/><div class=\"braverman-summary-row\"><div class=\"braverman-sum-bar-col\"><div class=\"braverman-sum-bar-title\">Serotonina<\/div><div class=\"bar-sum-premium-container\" style=\"position:relative;\"><div class=\"bar-sum-center-line\"><\/div><div class=\"bar-sum-premium-natura\" style=\"\n            width:12%;\n            left:0;\n            background:linear-gradient(90deg,rgba(148,237,116,1) 0%,rgba(176,245,157,1) 100%);\n            position:absolute;\n            top:0; bottom:0;\n            border-radius:12px 0 0 12px;\n            z-index:2;\"><\/div><div class=\"bar-sum-premium-deficyty\" style=\"\n            width:20%;\n            right:0;\n            background:linear-gradient(90deg,rgba(237,90,90,1) 0%,rgba(250,143,143,1) 100%);\n            position:absolute;\n            top:0; bottom:0;\n            border-radius:0 12px 12px 0;\n            z-index:3;\"><\/div><\/div><div class=\"braverman-sum-bar-labels\"><div class=\"braverman-bar-label-left\">Natura: 12 \/ 50<\/div><div class=\"braverman-bar-label-right\">Deficyty: 10 \/ 25<\/div><\/div><\/div><div class=\"braverman-sum-pies-col\"><div class=\"braverman-pie-sum-wrap\"><canvas class=\"braverman-pie-sum-outer\" id=\"pie_sum_deficyty_serotonina_cialo_69e0f54543272\" width=\"92\" height=\"92\"><\/canvas><canvas class=\"braverman-pie-sum-inner\" id=\"pie_sum_natura_serotonina_cialo_69e0f54543272\" width=\"54\" height=\"54\" style=\"pointer-events:none;\"><\/canvas><div class=\"braverman-pie-sum-label\">Cia\u0142o<\/div><div class=\"braverman-pie-sum-val-natura\">Natura: 50%<\/div><div class=\"braverman-pie-sum-val-deficyt\">Deficyt: 33%<\/div><\/div><div class=\"braverman-pie-sum-wrap\"><canvas class=\"braverman-pie-sum-outer\" id=\"pie_sum_deficyty_serotonina_umysl_69e0f54543273\" width=\"92\" height=\"92\"><\/canvas><canvas class=\"braverman-pie-sum-inner\" id=\"pie_sum_natura_serotonina_umysl_69e0f54543273\" width=\"54\" height=\"54\" style=\"pointer-events:none;\"><\/canvas><div class=\"braverman-pie-sum-label\">Umys\u0142<\/div><div class=\"braverman-pie-sum-val-natura\">Natura: 15%<\/div><div class=\"braverman-pie-sum-val-deficyt\">Deficyt: 14%<\/div><\/div><div class=\"braverman-pie-sum-wrap\"><canvas class=\"braverman-pie-sum-outer\" id=\"pie_sum_deficyty_serotonina_emocje_69e0f54543274\" width=\"92\" height=\"92\"><\/canvas><canvas class=\"braverman-pie-sum-inner\" id=\"pie_sum_natura_serotonina_emocje_69e0f54543274\" width=\"54\" height=\"54\" style=\"pointer-events:none;\"><\/canvas><div class=\"braverman-pie-sum-label\">Emocje<\/div><div class=\"braverman-pie-sum-val-natura\">Natura: 17%<\/div><div class=\"braverman-pie-sum-val-deficyt\">Deficyt: 67%<\/div><\/div><\/div><\/div><\/div><\/div><script>\ndocument.addEventListener(\"DOMContentLoaded\", function() {\n    var pies = [{\"nt\":\"dopamina\",\"section\":\"cialo\",\"label\":\"Cia\\u0142o\",\"natura_percent\":42,\"deficyty_percent\":10,\"pie_outer_id\":\"pie_sum_deficyty_dopamina_cialo_69e0f5454325d\",\"pie_inner_id\":\"pie_sum_natura_dopamina_cialo_69e0f5454325d\"},{\"nt\":\"dopamina\",\"section\":\"umysl\",\"label\":\"Umys\\u0142\",\"natura_percent\":23,\"deficyty_percent\":13,\"pie_outer_id\":\"pie_sum_deficyty_dopamina_umysl_69e0f54543261\",\"pie_inner_id\":\"pie_sum_natura_dopamina_umysl_69e0f54543261\"},{\"nt\":\"dopamina\",\"section\":\"emocje\",\"label\":\"Emocje\",\"natura_percent\":25,\"deficyty_percent\":43,\"pie_outer_id\":\"pie_sum_deficyty_dopamina_emocje_69e0f54543262\",\"pie_inner_id\":\"pie_sum_natura_dopamina_emocje_69e0f54543262\"},{\"nt\":\"acetylocholina\",\"section\":\"cialo\",\"label\":\"Cia\\u0142o\",\"natura_percent\":40,\"deficyty_percent\":17,\"pie_outer_id\":\"pie_sum_deficyty_acetylocholina_cialo_69e0f54543267\",\"pie_inner_id\":\"pie_sum_natura_acetylocholina_cialo_69e0f54543267\"},{\"nt\":\"acetylocholina\",\"section\":\"umysl\",\"label\":\"Umys\\u0142\",\"natura_percent\":13,\"deficyty_percent\":0,\"pie_outer_id\":\"pie_sum_deficyty_acetylocholina_umysl_69e0f54543268\",\"pie_inner_id\":\"pie_sum_natura_acetylocholina_umysl_69e0f54543268\"},{\"nt\":\"acetylocholina\",\"section\":\"emocje\",\"label\":\"Emocje\",\"natura_percent\":21,\"deficyty_percent\":58,\"pie_outer_id\":\"pie_sum_deficyty_acetylocholina_emocje_69e0f54543269\",\"pie_inner_id\":\"pie_sum_natura_acetylocholina_emocje_69e0f54543269\"},{\"nt\":\"gaba\",\"section\":\"cialo\",\"label\":\"Cia\\u0142o\",\"natura_percent\":42,\"deficyty_percent\":13,\"pie_outer_id\":\"pie_sum_deficyty_gaba_cialo_69e0f5454326c\",\"pie_inner_id\":\"pie_sum_natura_gaba_cialo_69e0f5454326c\"},{\"nt\":\"gaba\",\"section\":\"umysl\",\"label\":\"Umys\\u0142\",\"natura_percent\":15,\"deficyty_percent\":33,\"pie_outer_id\":\"pie_sum_deficyty_gaba_umysl_69e0f5454326e\",\"pie_inner_id\":\"pie_sum_natura_gaba_umysl_69e0f5454326e\"},{\"nt\":\"gaba\",\"section\":\"emocje\",\"label\":\"Emocje\",\"natura_percent\":0,\"deficyty_percent\":25,\"pie_outer_id\":\"pie_sum_deficyty_gaba_emocje_69e0f5454326f\",\"pie_inner_id\":\"pie_sum_natura_gaba_emocje_69e0f5454326f\"},{\"nt\":\"serotonina\",\"section\":\"cialo\",\"label\":\"Cia\\u0142o\",\"natura_percent\":50,\"deficyty_percent\":33,\"pie_outer_id\":\"pie_sum_deficyty_serotonina_cialo_69e0f54543272\",\"pie_inner_id\":\"pie_sum_natura_serotonina_cialo_69e0f54543272\"},{\"nt\":\"serotonina\",\"section\":\"umysl\",\"label\":\"Umys\\u0142\",\"natura_percent\":15,\"deficyty_percent\":14,\"pie_outer_id\":\"pie_sum_deficyty_serotonina_umysl_69e0f54543273\",\"pie_inner_id\":\"pie_sum_natura_serotonina_umysl_69e0f54543273\"},{\"nt\":\"serotonina\",\"section\":\"emocje\",\"label\":\"Emocje\",\"natura_percent\":17,\"deficyty_percent\":67,\"pie_outer_id\":\"pie_sum_deficyty_serotonina_emocje_69e0f54543274\",\"pie_inner_id\":\"pie_sum_natura_serotonina_emocje_69e0f54543274\"}];\n    pies.forEach(function(item){\n        \/\/ DEFICYTY \u2013 zewn\u0119trzne ko\u0142o (92x92, czerwony)\n        var ctx_outer = document.getElementById(item.pie_outer_id).getContext(\"2d\");\n        var grad_outer = ctx_outer.createLinearGradient(0,0,92,0);\n        grad_outer.addColorStop(0, \"rgba(237,90,90,1)\");\n        grad_outer.addColorStop(1, \"rgba(250,143,143,1)\");\n        new Chart(ctx_outer, {\n            type: \"doughnut\",\n            data: {\n                datasets: [{\n                    data: [item.deficyty_percent, 100-item.deficyty_percent],\n                    backgroundColor: [grad_outer, \"#eeeeee\"],\n                    borderWidth: 0\n                }]\n            },\n            options: {\n                cutout: \"80%\",\n                responsive: false,\n                maintainAspectRatio: false,\n                plugins: { legend: {display: false}, tooltip: {enabled: false} },\n                animation: false\n            }\n        });\n        \/\/ NATURA \u2013 \u015brodkowe ko\u0142o (54x54, zielony)\n        var ctx_inner = document.getElementById(item.pie_inner_id).getContext(\"2d\");\n        var grad_inner = ctx_inner.createLinearGradient(0,0,54,0);\n        grad_inner.addColorStop(0, \"rgba(148,237,116,1)\");\n        grad_inner.addColorStop(1, \"rgba(176,245,157,1)\");\n        new Chart(ctx_inner, {\n            type: \"doughnut\",\n            data: {\n                datasets: [{\n                    data: [item.natura_percent, 100-item.natura_percent],\n                    backgroundColor: [grad_inner, \"#eeeeee\"],\n                    borderWidth: 0\n                }]\n            },\n            options: {\n                cutout: \"75%\",\n                responsive: false,\n                maintainAspectRatio: false,\n                plugins: { legend: {display: false}, tooltip: {enabled: false} },\n                animation: false\n            }\n        });\n    });\n});\n<\/script><\/div>\n\t\t\t\t\t\t<\/div>\n\t\t\t\t<\/div>\n\t\t\t\t\t<\/div>\n\t\t\t\t<\/div>\n\t\t\t\t<\/div>\n\t\t","protected":false},"excerpt":{"rendered":"","protected":false},"author":1,"featured_media":0,"parent":0,"menu_order":0,"comment_status":"closed","ping_status":"closed","template":"elementor_header_footer","meta":{"site-sidebar-layout":"default","site-content-layout":"","ast-site-content-layout":"default","site-content-style":"default","site-sidebar-style":"default","ast-global-header-display":"","ast-banner-title-visibility":"","ast-main-header-display":"","ast-hfb-above-header-display":"","ast-hfb-below-header-display":"","ast-hfb-mobile-header-display":"","site-post-title":"","ast-breadcrumbs-content":"","ast-featured-img":"","footer-sml-layout":"","ast-disable-related-posts":"","theme-transparent-header-meta":"","adv-header-id-meta":"","stick-header-meta":"","header-above-stick-meta":"","header-main-stick-meta":"","header-below-stick-meta":"","astra-migrate-meta-layouts":"set","ast-page-background-enabled":"default","ast-page-background-meta":{"desktop":{"background-color":"var(--ast-global-color-4)","background-image":"","background-repeat":"repeat","background-position":"center center","background-size":"auto","background-attachment":"scroll","background-type":"","background-media":"","overlay-type":"","overlay-color":"","overlay-opacity":"","overlay-gradient":""},"tablet":{"background-color":"","background-image":"","background-repeat":"repeat","background-position":"center center","background-size":"auto","background-attachment":"scroll","background-type":"","background-media":"","overlay-type":"","overlay-color":"","overlay-opacity":"","overlay-gradient":""},"mobile":{"background-color":"","background-image":"","background-repeat":"repeat","background-position":"center center","background-size":"auto","background-attachment":"scroll","background-type":"","background-media":"","overlay-type":"","overlay-color":"","overlay-opacity":"","overlay-gradient":""}},"ast-content-background-meta":{"desktop":{"background-color":"var(--ast-global-color-5)","background-image":"","background-repeat":"repeat","background-position":"center center","background-size":"auto","background-attachment":"scroll","background-type":"","background-media":"","overlay-type":"","overlay-color":"","overlay-opacity":"","overlay-gradient":""},"tablet":{"background-color":"var(--ast-global-color-5)","background-image":"","background-repeat":"repeat","background-position":"center center","background-size":"auto","background-attachment":"scroll","background-type":"","background-media":"","overlay-type":"","overlay-color":"","overlay-opacity":"","overlay-gradient":""},"mobile":{"background-color":"var(--ast-global-color-5)","background-image":"","background-repeat":"repeat","background-position":"center center","background-size":"auto","background-attachment":"scroll","background-type":"","background-media":"","overlay-type":"","overlay-color":"","overlay-opacity":"","overlay-gradient":""}},"footnotes":""},"class_list":["post-2855","page","type-page","status-publish","hentry"],"_links":{"self":[{"href":"https:\/\/neuro-medica.pl\/en\/wp-json\/wp\/v2\/pages\/2855","targetHints":{"allow":["GET"]}}],"collection":[{"href":"https:\/\/neuro-medica.pl\/en\/wp-json\/wp\/v2\/pages"}],"about":[{"href":"https:\/\/neuro-medica.pl\/en\/wp-json\/wp\/v2\/types\/page"}],"author":[{"embeddable":true,"href":"https:\/\/neuro-medica.pl\/en\/wp-json\/wp\/v2\/users\/1"}],"replies":[{"embeddable":true,"href":"https:\/\/neuro-medica.pl\/en\/wp-json\/wp\/v2\/comments?post=2855"}],"version-history":[{"count":14,"href":"https:\/\/neuro-medica.pl\/en\/wp-json\/wp\/v2\/pages\/2855\/revisions"}],"predecessor-version":[{"id":2904,"href":"https:\/\/neuro-medica.pl\/en\/wp-json\/wp\/v2\/pages\/2855\/revisions\/2904"}],"wp:attachment":[{"href":"https:\/\/neuro-medica.pl\/en\/wp-json\/wp\/v2\/media?parent=2855"}],"curies":[{"name":"wp","href":"https:\/\/api.w.org\/{rel}","templated":true}]}}