{"id":2748,"date":"2025-07-07T12:45:03","date_gmt":"2025-07-07T12:45:03","guid":{"rendered":"https:\/\/neuro-medica.pl\/?page_id=2748"},"modified":"2025-07-22T10:06:09","modified_gmt":"2025-07-22T10:06:09","slug":"wyniki-natura-test-braverman","status":"publish","type":"page","link":"https:\/\/neuro-medica.pl\/en\/wyniki-natura-test-braverman\/","title":{"rendered":"Wyniki Natura &#8211; Test Braverman"},"content":{"rendered":"\t\t<div data-elementor-type=\"wp-page\" data-elementor-id=\"2748\" class=\"elementor elementor-2748\" data-elementor-settings=\"{&quot;ha_cmc_init_switcher&quot;:&quot;no&quot;}\" data-elementor-post-type=\"page\">\n\t\t\t\t<div class=\"elementor-element elementor-element-16c752fb e-flex e-con-boxed e-con e-parent\" data-id=\"16c752fb\" data-element_type=\"container\" data-e-type=\"container\" data-settings=\"{&quot;_ha_eqh_enable&quot;:false}\">\n\t\t\t\t\t<div class=\"e-con-inner\">\n\t\t\t\t<div class=\"elementor-element elementor-element-06c0f37 elementor-widget elementor-widget-shortcode\" data-id=\"06c0f37\" data-element_type=\"widget\" data-e-type=\"widget\" data-widget_type=\"shortcode.default\">\n\t\t\t\t<div class=\"elementor-widget-container\">\n\t\t\t\t\t\t\t<div class=\"elementor-shortcode\"><style>\n#braverman-pdf-area {\n    background: #fff;\n    padding: 12mm 10mm 24mm 10mm;\n    box-sizing: border-box;\n   \n}\n.braverman-main-header { font-size: 2em; font-weight: 700; margin: 24px 0 40px 0; text-align: left; letter-spacing: 1px; }\n\n.braverman-big-row {\n    display: flex;\n    align-items: stretch;\n    width: 100%;\n    margin-bottom: 44px;\n    gap: 4vw;\n    flex-wrap: wrap;\n    flex-direction: row; \/* domy\u015blnie dwa s\u0142upki *\/\n}\n\n.braverman-bar-col {\n    flex: 1 1 340px;\n    display: flex;\n    flex-direction: column;\n    justify-content: center;\n    min-width: 220px;\n    max-width: 600px;\n    padding: 32px 0 32px 0;\n    width: 50%;\n    box-sizing: border-box;\n}\n.braverman-bar-title { font-size: 1.35em; font-weight: 700; margin-bottom: 18px; color: #27425a; }\n.bar-premium-container { width: 98%; height: 42px; background: #f3f3f3; border-radius: 12px; margin-bottom: 0; position: relative; }\n.bar-premium { height: 42px; border-radius: 12px; color: #fff; display: flex; align-items: center; font-weight: 600; font-size: 1.05em; padding-left: 24px; position: absolute; left: 0; top: 0; bottom: 0; transition: width 0.5s; background: grey; }\n.dopamina-gradient { background: linear-gradient(90deg,rgba(237,90,90,1) 0%,rgba(250,143,143,1) 100%) !important; }\n.acetylocholina-gradient { background: linear-gradient(90deg,rgba(90,200,237,1) 0%,rgba(159,232,255,1) 100%) !important; }\n.gaba-gradient { background: linear-gradient(90deg,rgba(148,237,116,1) 0%,rgba(176,245,157,1) 100%) !important; }\n.serotonina-gradient { background: linear-gradient(90deg,rgba(237,193,90,1) 0%,rgba(255,231,167,1) 100%) !important; }\n.braverman-bar-label-x30 { font-size: 1.12em; font-weight: 500; margin-top: 10px; letter-spacing: 1px; color: #4a4a4a; }\n\n.braverman-pies-col {\n    flex: 1 1 340px;\n    display: flex;\n    flex-direction: row;\n    justify-content: space-between;\n    align-items: flex-end;\n    min-width: 180px;\n    max-width: 700px;\n    gap: 2vw;\n    padding: 16px 0 16px 0;\n    width: 50%;\n    box-sizing: border-box;\n}\n\n.braverman-pie-single { display: flex; flex-direction: column; align-items: center; flex: 1 1 0; min-width: 68px; max-width: 120px; margin: 0 4px; }\n.braverman-pie-label-premium { font-size: 1em; font-weight: 400; margin-top: 14px; color: #333; text-align: center; letter-spacing: 0.2px; }\n.braverman-pie-percent-premium { font-size: 1.07em; font-weight: 700; margin-top: 3px; color: #222; text-align: center; letter-spacing: 1px; }\n.braverman-pies-col canvas { width: 76px; height: 76px; max-width: 76px; max-height: 76px; margin: 0 auto; display: block; }\n\n\/* Tablet - mniejsze paddingi *\/\n@media (max-width: 1000px) {\n    #braverman-pdf-area { padding: 12px 4px; }\n    .braverman-bar-col, .braverman-pies-col {\n        max-width: 100%;\n    }\n}\n\n\/* Rozk\u0142ad mobilny - uk\u0142ad jeden pod drugim, szeroko\u015b\u0107 na 100% *\/\n@media (max-width: 800px) {\n    .braverman-big-row {\n        flex-direction: column;\n        gap: 16px;\n        align-items: stretch;\n    }\n    .braverman-bar-col, .braverman-pies-col {\n        width: 100%;\n        min-width: 0;\n        max-width: 100%;\n        padding-left: 0;\n        padding-right: 0;\n    }\n    .braverman-bar-col {\n        padding-top: 16px;\n        padding-bottom: 8px;\n    }\n    .braverman-pies-col {\n        padding-top: 10px;\n        padding-bottom: 5px;\n        gap: 0.5vw;\n    }\n}\n\n\/* Bardzo ma\u0142e ekrany *\/\n@media (max-width: 600px) {\n    .braverman-main-header { font-size: 1.18em; }\n    .braverman-pies-col { gap: 0vw; }\n    .braverman-pie-single { max-width: 90px; min-width: 64px; }\n    .braverman-bar-col { padding: 10px 0 4px 0; }\n}\n<\/style>\n\n\t\n\t\n\t<div id=\"braverman-pdf-area\"><h2 class=\"braverman-main-header\">Wyniki z testu Braverman - Natura<\/h2><div class=\"braverman-big-row\"><div class=\"braverman-bar-col\"><div class=\"braverman-bar-title\">Dopamina<\/div><div class=\"bar-premium-container\"><div class=\"bar-premium dopamina-gradient\" style=\"width:28%;\"><\/div><\/div><div class=\"braverman-bar-label-x30\">14 \/ 50<\/div><\/div><div class=\"braverman-pies-col\"><div class=\"braverman-pie-single\"><canvas id=\"pie_premium_dopamina_cialo\" width=\"76\" height=\"76\"><\/canvas><div class=\"braverman-pie-label-premium\">Cia\u0142o<\/div><div class=\"braverman-pie-percent-premium\">42%<\/div><\/div><div class=\"braverman-pie-single\"><canvas id=\"pie_premium_dopamina_umysl\" width=\"76\" height=\"76\"><\/canvas><div class=\"braverman-pie-label-premium\">Umys\u0142<\/div><div class=\"braverman-pie-percent-premium\">23%<\/div><\/div><div class=\"braverman-pie-single\"><canvas id=\"pie_premium_dopamina_emocje\" width=\"76\" height=\"76\"><\/canvas><div class=\"braverman-pie-label-premium\">Emocje<\/div><div class=\"braverman-pie-percent-premium\">25%<\/div><\/div><\/div><\/div><div class=\"braverman-big-row\"><div class=\"braverman-bar-col\"><div class=\"braverman-bar-title\">Acetylocholina<\/div><div class=\"bar-premium-container\"><div class=\"bar-premium acetylocholina-gradient\" style=\"width:22%;\"><\/div><\/div><div class=\"braverman-bar-label-x30\">11 \/ 50<\/div><\/div><div class=\"braverman-pies-col\"><div class=\"braverman-pie-single\"><canvas id=\"pie_premium_acetylocholina_cialo\" width=\"76\" height=\"76\"><\/canvas><div class=\"braverman-pie-label-premium\">Cia\u0142o<\/div><div class=\"braverman-pie-percent-premium\">40%<\/div><\/div><div class=\"braverman-pie-single\"><canvas id=\"pie_premium_acetylocholina_umysl\" width=\"76\" height=\"76\"><\/canvas><div class=\"braverman-pie-label-premium\">Umys\u0142<\/div><div class=\"braverman-pie-percent-premium\">13%<\/div><\/div><div class=\"braverman-pie-single\"><canvas id=\"pie_premium_acetylocholina_emocje\" width=\"76\" height=\"76\"><\/canvas><div class=\"braverman-pie-label-premium\">Emocje<\/div><div class=\"braverman-pie-percent-premium\">21%<\/div><\/div><\/div><\/div><div class=\"braverman-big-row\"><div class=\"braverman-bar-col\"><div class=\"braverman-bar-title\">GABA<\/div><div class=\"bar-premium-container\"><div class=\"bar-premium gaba-gradient\" style=\"width:16%;\"><\/div><\/div><div class=\"braverman-bar-label-x30\">8 \/ 50<\/div><\/div><div class=\"braverman-pies-col\"><div class=\"braverman-pie-single\"><canvas id=\"pie_premium_gaba_cialo\" width=\"76\" height=\"76\"><\/canvas><div class=\"braverman-pie-label-premium\">Cia\u0142o<\/div><div class=\"braverman-pie-percent-premium\">42%<\/div><\/div><div class=\"braverman-pie-single\"><canvas id=\"pie_premium_gaba_umysl\" width=\"76\" height=\"76\"><\/canvas><div class=\"braverman-pie-label-premium\">Umys\u0142<\/div><div class=\"braverman-pie-percent-premium\">15%<\/div><\/div><div class=\"braverman-pie-single\"><canvas id=\"pie_premium_gaba_emocje\" width=\"76\" height=\"76\"><\/canvas><div class=\"braverman-pie-label-premium\">Emocje<\/div><div class=\"braverman-pie-percent-premium\">0%<\/div><\/div><\/div><\/div><div class=\"braverman-big-row\"><div class=\"braverman-bar-col\"><div class=\"braverman-bar-title\">Serotonina<\/div><div class=\"bar-premium-container\"><div class=\"bar-premium serotonina-gradient\" style=\"width:24%;\"><\/div><\/div><div class=\"braverman-bar-label-x30\">12 \/ 50<\/div><\/div><div class=\"braverman-pies-col\"><div class=\"braverman-pie-single\"><canvas id=\"pie_premium_serotonina_cialo\" width=\"76\" height=\"76\"><\/canvas><div class=\"braverman-pie-label-premium\">Cia\u0142o<\/div><div class=\"braverman-pie-percent-premium\">50%<\/div><\/div><div class=\"braverman-pie-single\"><canvas id=\"pie_premium_serotonina_umysl\" width=\"76\" height=\"76\"><\/canvas><div class=\"braverman-pie-label-premium\">Umys\u0142<\/div><div class=\"braverman-pie-percent-premium\">15%<\/div><\/div><div class=\"braverman-pie-single\"><canvas id=\"pie_premium_serotonina_emocje\" width=\"76\" height=\"76\"><\/canvas><div class=\"braverman-pie-label-premium\">Emocje<\/div><div class=\"braverman-pie-percent-premium\">17%<\/div><\/div><\/div><\/div><div id=\"braverman-natura-opis\" style=\"margin-top:40px; padding:28px 0 20px 0; border-top:1px solid #ddd;\"><p style=\"font-size:1.13em;\">\n        <strong>Zako\u0144czy\u0142e\u015b w\u0142a\u015bnie pierwsz\u0105 cz\u0119\u015b\u0107 testu Bravermana \u2013 Natura.<\/strong><br>\n        <br>\n       <p style=\"margin-bottom: 32px;\"> Zadaniem tej cz\u0119\u015bci by\u0142o okre\u015blenie, kt\u00f3re neuroprzeka\u017aniki stanowi\u0105 Twoj\u0105 naturaln\u0105 przewag\u0119.<\/p><br>\n       \n    <\/p><p style=\"font-size:1.09em;\">Twoja natura jest <strong>zr\u00f3wnowa\u017cona<\/strong>. \u017baden z neuroprzeka\u017anik\u00f3w nie wybija si\u0119 znacz\u0105co ponad pozosta\u0142e, co \u015bwiadczy o harmonijnym funkcjonowaniu uk\u0142adu nerwowego. To dobra informacja \u2014 warto jednak sprawdzi\u0107, czy nie wyst\u0119puj\u0105 deficyty w kolejnych cz\u0119\u015bciach testu.<\/p><p style=\"margin-top:16px; font-size:1.07em;\"><strong>Mo\u017cliwe niedobory dotycz\u0105:<\/strong> <span style=\"display:inline-block;margin-bottom:5px;\"><strong>GABA:<\/strong> Niedob\u00f3r GABA mo\u017ce objawia\u0107 si\u0119 rozdra\u017cnieniem, napi\u0119ciem, trudno\u015bci\u0105 z wyciszeniem oraz podwy\u017cszon\u0105 reakcj\u0105 na stres.<\/span><\/p><\/div><div style=\"display:flex;justify-content:space-between;align-items:center;margin-bottom:40px;margin-top:60px;gap:12px;flex-wrap:wrap;\">\n        <button id=\"braverman-pdf-btn\" style=\"\n            padding: 15px 45px;\n            display:flex;\n            align-items:center;\n            justify-content:center;\n            font-size:1.1rem;\n            font-weight:400;\n            border-radius:5rem;\n            border:0;\n            background:#27425a;\n            color:#fff;\n            cursor:pointer;\n            text-align:center;\n            box-sizing:border-box;\n            margin-right:auto;\n            margin-bottom:6px;\n        \">\n            Pobierz PDF\n        <\/button>\n        <a id=\"braverman-next-btn\" href=\"https:\/\/neuro-medica.pl\/test-bravermana-czesc2-deficyty\/\" style=\"\n            padding: 15px 45px;\n            display:flex;\n            align-items:center;\n            justify-content:center;\n            font-size:1.1rem;\n            font-weight:400;\n            border-radius:5rem;\n            border:0;\n            background:#27425a;\n            color:#fff;\n            cursor:pointer;\n            text-align:center;\n            text-decoration:none;\n            margin-left:auto;\n            margin-bottom:6px;\n        \">\n            Przejd\u017a do cz\u0119\u015bci drugiej \u2013 Deficyty\n        <\/a>\n    <\/div><script>\n(function checkChartReady(){\n    if (typeof Chart === \"undefined\" || !document.getElementById(\"pie_premium_dopamina_cialo\")) {\n        setTimeout(checkChartReady, 100);\n        return;\n    }\n    function makePieGradient(ctx, leftColor, rightColor) {\n        var w = ctx.canvas.width, h = ctx.canvas.height;\n        var gradient = ctx.createLinearGradient(0,0,w,0);\n        gradient.addColorStop(0, leftColor);\n        gradient.addColorStop(1, rightColor);\n        return gradient;\n    }\n    var data = [{\"id\":\"pie_premium_dopamina_cialo\",\"grad_left\":\"rgba(237,90,90,1)\",\"grad_right\":\"rgba(250,143,143,1)\",\"value\":5,\"max\":12},{\"id\":\"pie_premium_dopamina_umysl\",\"grad_left\":\"rgba(237,90,90,1)\",\"grad_right\":\"rgba(250,143,143,1)\",\"value\":6,\"max\":26},{\"id\":\"pie_premium_dopamina_emocje\",\"grad_left\":\"rgba(237,90,90,1)\",\"grad_right\":\"rgba(250,143,143,1)\",\"value\":3,\"max\":12},{\"id\":\"pie_premium_acetylocholina_cialo\",\"grad_left\":\"rgba(90,200,237,1)\",\"grad_right\":\"rgba(159,232,255,1)\",\"value\":4,\"max\":10},{\"id\":\"pie_premium_acetylocholina_umysl\",\"grad_left\":\"rgba(90,200,237,1)\",\"grad_right\":\"rgba(159,232,255,1)\",\"value\":2,\"max\":16},{\"id\":\"pie_premium_acetylocholina_emocje\",\"grad_left\":\"rgba(90,200,237,1)\",\"grad_right\":\"rgba(159,232,255,1)\",\"value\":5,\"max\":24},{\"id\":\"pie_premium_gaba_cialo\",\"grad_left\":\"rgba(148,237,116,1)\",\"grad_right\":\"rgba(176,245,157,1)\",\"value\":5,\"max\":12},{\"id\":\"pie_premium_gaba_umysl\",\"grad_left\":\"rgba(148,237,116,1)\",\"grad_right\":\"rgba(176,245,157,1)\",\"value\":3,\"max\":20},{\"id\":\"pie_premium_gaba_emocje\",\"grad_left\":\"rgba(148,237,116,1)\",\"grad_right\":\"rgba(176,245,157,1)\",\"value\":0,\"max\":18},{\"id\":\"pie_premium_serotonina_cialo\",\"grad_left\":\"rgba(237,193,90,1)\",\"grad_right\":\"rgba(255,231,167,1)\",\"value\":6,\"max\":12},{\"id\":\"pie_premium_serotonina_umysl\",\"grad_left\":\"rgba(237,193,90,1)\",\"grad_right\":\"rgba(255,231,167,1)\",\"value\":3,\"max\":20},{\"id\":\"pie_premium_serotonina_emocje\",\"grad_left\":\"rgba(237,193,90,1)\",\"grad_right\":\"rgba(255,231,167,1)\",\"value\":3,\"max\":18}];\n    data.forEach(function(d){\n        var canvas = document.getElementById(d.id);\n        if (!canvas) return;\n        canvas.width = 76; canvas.height = 76;\n        var ctx = canvas.getContext(\"2d\");\n        var grad = makePieGradient(ctx, d.grad_left, d.grad_right);\n        new Chart(canvas, {\n            type: \"doughnut\",\n            data: {\n                datasets: [{\n                    data: [d.value, d.max - d.value],\n                    backgroundColor: [grad, \"#eeeeee\"],\n                    borderWidth: 0\n                }]\n            },\n            options: {\n                cutout: \"75%\",\n                responsive: false,\n                maintainAspectRatio: false,\n                plugins: {legend: {display: false}},\n                animation: false,\n                tooltips: {enabled: false}\n            }\n        });\n    });\n})();\n<\/script>\n<script>\nfunction bravermanLoadScript(src, callback){\n    var s = document.createElement(\"script\");\n    s.src = src;\n    s.onload = callback;\n    document.head.appendChild(s);\n}\nif (typeof html2canvas === \"undefined\") {\n    bravermanLoadScript(\"https:\/\/cdn.jsdelivr.net\/npm\/html2canvas@1.4.1\/dist\/html2canvas.min.js\", function(){});\n}\nif (!window.jspdf) {\n    bravermanLoadScript(\"https:\/\/cdn.jsdelivr.net\/npm\/jspdf@2.5.1\/dist\/jspdf.umd.min.js\", function(){});\n}\n<\/script>\n\n<script>\ndocument.addEventListener(\"DOMContentLoaded\", function() {\n  var btn = document.getElementById(\"braverman-pdf-btn\");\n  if(!btn) return;\n\n  function isReady() {\n    return (typeof html2canvas !== \"undefined\") && window.jspdf && window.jspdf.jsPDF;\n  }\n\n  btn.addEventListener(\"click\", function() {\n    btn.style.display = \"none\";\n    var nextBtn = document.getElementById(\"braverman-next-btn\");\n    if (nextBtn) nextBtn.style.visibility = \"hidden\";\n    function doPdf() {\n      html2canvas(document.getElementById(\"braverman-pdf-area\"), {\n        backgroundColor: \"#fff\",\n        scale: 2,\n        useCORS: true\n      }).then(function(canvas) {\n        var pdf = new window.jspdf.jsPDF({\n          orientation: \"portrait\",\n          unit: \"mm\",\n          format: \"a4\"\n        });\n        var pdfWidth = pdf.internal.pageSize.getWidth();\n        var pdfHeight = pdf.internal.pageSize.getHeight();\n        var marginLeft = 10;\n        var marginTop = 4;\n        var marginRight = 10;\n        var marginBottom = 24;\n        var contentWidth = pdfWidth - marginLeft - marginRight;\n        var contentHeight = pdfHeight - marginTop - marginBottom;\n        var imgWidth = contentWidth;\n        var imgHeight = canvas.height * imgWidth \/ canvas.width;\n        if(imgHeight > contentHeight) {\n          imgHeight = contentHeight;\n          imgWidth = canvas.width * imgHeight \/ canvas.height;\n        }\n        var posX = marginLeft + (contentWidth - imgWidth)\/2;\n        var posY = marginTop;\n        var imgData = canvas.toDataURL(\"image\/png\");\n        pdf.addImage(imgData, \"PNG\", posX, posY, imgWidth, imgHeight);\n        var d = new Date();\n        var day = String(d.getDate()).padStart(2, \"0\");\n        var month = String(d.getMonth()+1).padStart(2, \"0\");\n        var year = d.getFullYear();\n        var filename = day + \"-\" + month + \"-\" + year + \" - Natura - Braverman - wynik.pdf\";\n        pdf.save(filename);\n        btn.style.display = \"inline-block\";\n        if (nextBtn) nextBtn.style.visibility = \"visible\";\n      });\n    }\n\n    function waitAndDoPdf() {\n      if(isReady()) {\n        doPdf();\n      } else {\n        setTimeout(waitAndDoPdf, 150);\n      }\n    }\n    waitAndDoPdf();\n  });\n});\n<\/script>\n<\/div><\/div>\n\t\t\t\t\t\t<\/div>\n\t\t\t\t<\/div>\n\t\t\t\t\t<\/div>\n\t\t\t\t<\/div>\n\t\t\t\t<\/div>\n\t\t","protected":false},"excerpt":{"rendered":"","protected":false},"author":1,"featured_media":0,"parent":0,"menu_order":0,"comment_status":"closed","ping_status":"closed","template":"elementor_header_footer","meta":{"site-sidebar-layout":"default","site-content-layout":"","ast-site-content-layout":"default","site-content-style":"default","site-sidebar-style":"default","ast-global-header-display":"","ast-banner-title-visibility":"","ast-main-header-display":"","ast-hfb-above-header-display":"","ast-hfb-below-header-display":"","ast-hfb-mobile-header-display":"","site-post-title":"","ast-breadcrumbs-content":"","ast-featured-img":"","footer-sml-layout":"","ast-disable-related-posts":"","theme-transparent-header-meta":"","adv-header-id-meta":"","stick-header-meta":"","header-above-stick-meta":"","header-main-stick-meta":"","header-below-stick-meta":"","astra-migrate-meta-layouts":"set","ast-page-background-enabled":"default","ast-page-background-meta":{"desktop":{"background-color":"var(--ast-global-color-4)","background-image":"","background-repeat":"repeat","background-position":"center center","background-size":"auto","background-attachment":"scroll","background-type":"","background-media":"","overlay-type":"","overlay-color":"","overlay-opacity":"","overlay-gradient":""},"tablet":{"background-color":"","background-image":"","background-repeat":"repeat","background-position":"center center","background-size":"auto","background-attachment":"scroll","background-type":"","background-media":"","overlay-type":"","overlay-color":"","overlay-opacity":"","overlay-gradient":""},"mobile":{"background-color":"","background-image":"","background-repeat":"repeat","background-position":"center center","background-size":"auto","background-attachment":"scroll","background-type":"","background-media":"","overlay-type":"","overlay-color":"","overlay-opacity":"","overlay-gradient":""}},"ast-content-background-meta":{"desktop":{"background-color":"var(--ast-global-color-5)","background-image":"","background-repeat":"repeat","background-position":"center center","background-size":"auto","background-attachment":"scroll","background-type":"","background-media":"","overlay-type":"","overlay-color":"","overlay-opacity":"","overlay-gradient":""},"tablet":{"background-color":"var(--ast-global-color-5)","background-image":"","background-repeat":"repeat","background-position":"center center","background-size":"auto","background-attachment":"scroll","background-type":"","background-media":"","overlay-type":"","overlay-color":"","overlay-opacity":"","overlay-gradient":""},"mobile":{"background-color":"var(--ast-global-color-5)","background-image":"","background-repeat":"repeat","background-position":"center center","background-size":"auto","background-attachment":"scroll","background-type":"","background-media":"","overlay-type":"","overlay-color":"","overlay-opacity":"","overlay-gradient":""}},"footnotes":""},"class_list":["post-2748","page","type-page","status-publish","hentry"],"_links":{"self":[{"href":"https:\/\/neuro-medica.pl\/en\/wp-json\/wp\/v2\/pages\/2748","targetHints":{"allow":["GET"]}}],"collection":[{"href":"https:\/\/neuro-medica.pl\/en\/wp-json\/wp\/v2\/pages"}],"about":[{"href":"https:\/\/neuro-medica.pl\/en\/wp-json\/wp\/v2\/types\/page"}],"author":[{"embeddable":true,"href":"https:\/\/neuro-medica.pl\/en\/wp-json\/wp\/v2\/users\/1"}],"replies":[{"embeddable":true,"href":"https:\/\/neuro-medica.pl\/en\/wp-json\/wp\/v2\/comments?post=2748"}],"version-history":[{"count":28,"href":"https:\/\/neuro-medica.pl\/en\/wp-json\/wp\/v2\/pages\/2748\/revisions"}],"predecessor-version":[{"id":2882,"href":"https:\/\/neuro-medica.pl\/en\/wp-json\/wp\/v2\/pages\/2748\/revisions\/2882"}],"wp:attachment":[{"href":"https:\/\/neuro-medica.pl\/en\/wp-json\/wp\/v2\/media?parent=2748"}],"curies":[{"name":"wp","href":"https:\/\/api.w.org\/{rel}","templated":true}]}}