{"id":2453,"date":"2025-06-18T11:36:15","date_gmt":"2025-06-18T11:36:15","guid":{"rendered":"https:\/\/neuro-medica.pl\/?page_id=2453"},"modified":"2025-07-17T08:55:37","modified_gmt":"2025-07-17T08:55:37","slug":"polityka-prywatnosci","status":"publish","type":"page","link":"https:\/\/neuro-medica.pl\/en\/polityka-prywatnosci\/","title":{"rendered":"Polityka prywatno\u015bci"},"content":{"rendered":"<div data-elementor-type=\"wp-page\" data-elementor-id=\"2453\" class=\"elementor elementor-2453\" data-elementor-settings=\"{&quot;ha_cmc_init_switcher&quot;:&quot;no&quot;}\" data-elementor-post-type=\"page\">\n\t\t\t\t<div class=\"elementor-element elementor-element-9c6e461 e-flex e-con-boxed e-con e-parent\" data-id=\"9c6e461\" data-element_type=\"container\" data-e-type=\"container\" data-settings=\"{&quot;_ha_eqh_enable&quot;:false}\">\n\t\t\t\t\t<div class=\"e-con-inner\">\n\t\t\t\t<div class=\"elementor-element elementor-element-87a2e26 elementor-widget elementor-widget-heading\" data-id=\"87a2e26\" data-element_type=\"widget\" data-e-type=\"widget\" data-widget_type=\"heading.default\">\n\t\t\t\t<div class=\"elementor-widget-container\">\n\t\t\t\t\t<h2 class=\"elementor-heading-title elementor-size-default\">Przetwarzanie danych osobowych\n<\/h2>\t\t\t\t<\/div>\n\t\t\t\t<\/div>\n\t\t\t\t<div class=\"elementor-element elementor-element-ec221be elementor-widget elementor-widget-text-editor\" data-id=\"ec221be\" data-element_type=\"widget\" data-e-type=\"widget\" data-widget_type=\"text-editor.default\">\n\t\t\t\t<div class=\"elementor-widget-container\">\n\t\t\t\t\t\t\t\t\t<h2><strong>\u00a71 Postanowienia og\u00f3lne<\/strong><\/h2><ol><li style=\"font-weight: 400;\" aria-level=\"1\"><span style=\"font-weight: 400;\">Polityka prywatno\u015bci okre\u015bla, w jaki spos\u00f3b zbierane, przetwarzane i przechowywane s\u0105 dane osobowe u\u017cytkownika korzystaj\u0105cego ze strony internetowej instytutu Neuro Medica (dalej: U\u017cytkownik). Dane te s\u0105 niezb\u0119dne do \u015bwiadczenia us\u0142ug drog\u0105 elektroniczn\u0105 za po\u015brednictwem serwisu internetowego dost\u0119pnego w domenie neuro-medica.pl (dalej: Portal).<\/span><\/li><li style=\"font-weight: 400;\" aria-level=\"1\"><span style=\"font-weight: 400;\">W niniejszej Polityce prywatno\u015bci znajduj\u0105 si\u0119 informacje dotycz\u0105ce zakresu przetwarzanych danych osobowych U\u017cytkownika, a tak\u017ce przys\u0142uguj\u0105ce U\u017cytkownikowi prawa, obowi\u0105zki administratora danych osobowych oraz informacje dotycz\u0105ce stosowania przez Portal plik\u00f3w cookies.<\/span><\/li><li style=\"font-weight: 400;\" aria-level=\"1\"><span style=\"font-weight: 400;\">W ramach Portalu zbierane s\u0105 wy\u0142\u0105cznie dane osobowe potrzebne do \u015bwiadczenia i rozwoju us\u0142ug w nim oferowanych.<\/span><\/li><li style=\"font-weight: 400;\" aria-level=\"1\"><span style=\"font-weight: 400;\">Dane osobowe mog\u0105 by\u0107 przetwarzane po wyra\u017ceniu przez U\u017cytkownika dobrowolnej zgody.<\/span><\/li><li style=\"font-weight: 400;\" aria-level=\"1\"><span style=\"font-weight: 400;\">Dane osobowe zbierane za po\u015brednictwem Portalu s\u0105 przetwarzane zgodnie z Rozporz\u0105dzeniem Parlamentu Europejskiego i Rady (UE) 2016\/679 z dnia 27 kwietnia 2016 r. w sprawie ochrony os\u00f3b fizycznych w zwi\u0105zku z przetwarzaniem danych osobowych i w sprawie swobodnego przep\u0142ywu takich danych oraz uchylenia dyrektywy 95\/46\/WE (og\u00f3lne rozporz\u0105dzenie o ochronie danych, dalej: RODO) oraz ustaw\u0105 o ochronie danych osobowych z dnia 10 maja 2018 r.<\/span><\/li><\/ol><h3>\u00a0<\/h3><h2><strong>\u00a72 Administrator danych<\/strong><\/h2><ol><li style=\"font-weight: 400;\" aria-level=\"1\"><span style=\"font-weight: 400;\">Administratorem danych osobowych zbieranych przez Portal jest Fundacja Instytut Neuronauki Integracyjnej. z siedzib\u0105 w Olsztynie przy ul. Ko\u015bciuszki 84a, NIP: 7394012559 (dalej: \u201cAdministrator\u201d).<\/span><\/li><\/ol><h3>\u00a0<\/h3><h2><strong>\u00a73 Zakres i cel przetwarzania danych osobowych<\/strong><\/h2><ol><li><span style=\"font-weight: 400;\">Administrator mo\u017ce przetwarza\u0107 dane osobowe U\u017cytkownika w przypadku:<\/span><ol><li><span style=\"font-weight: 400;\">rejestracji na Portalu w celu utworzenia Konta U\u017cytkownika i korzystania z funkcji dost\u0119pnych dla zarejestrowanych u\u017cytkownik\u00f3w, przez co mo\u017ce by\u0107 zrealizowana umowa, kt\u00f3rej przedmiotem jest us\u0142uga \u015bwiadczona drog\u0105 elektroniczn\u0105,<\/span><\/li><li><span style=\"font-weight: 400;\">korzystania z us\u0142ugi Konsultacja w celu wykonania umowy, kt\u00f3rej przedmiotem jest us\u0142uga \u015bwiadczona drog\u0105 elektroniczn\u0105 lub us\u0142uga,<\/span><\/li><li><span style=\"font-weight: 400;\">zapisania si\u0119 do newslettera w celu wykonania umowy, kt\u00f3rej przedmiotem jest us\u0142uga \u015bwiadczona drog\u0105 elektroniczn\u0105.<\/span><\/li><\/ol><\/li><li><span style=\"font-weight: 400;\">W przypadku rejestracji Konta U\u017cytkownika Administrator mo\u017ce przetwarza\u0107 adres e-mail U\u017cytkownika.<\/span><\/li><li><span style=\"font-weight: 400;\">W przypadku korzystania przez U\u017cytkownika z us\u0142ugi Konsultacja Administrator przetwarza\u0107 nast\u0119puj\u0105ce dane:<\/span><ol><li><span style=\"font-weight: 400;\">imi\u0119 i nazwisko,<\/span><\/li><li><span style=\"font-weight: 400;\">numer telefonu,<\/span><\/li><li><span style=\"font-weight: 400;\">adres e-mail.<\/span><\/li><\/ol><\/li><li><span style=\"font-weight: 400;\">W przypadku zapisania si\u0119 przez U\u017cytkownika do newslettera Administrator mo\u017ce przetwarza\u0107 adres e-mail U\u017cytkownika.<\/span><\/li><li><span style=\"font-weight: 400;\">Administrator mo\u017ce przetwarza\u0107 imi\u0119 i nazwisko oraz adres e-mail U\u017cytkownika w celu prowadzenia skutecznej komunikacji (m.in. przy zg\u0142oszeniu poprzez formularz kontaktowy lub w przypadku korespondencji e-mail dotycz\u0105cej realizowanego zam\u00f3wienia).<\/span><\/li><li><span style=\"font-weight: 400;\">Podanie danych jest dobrowolne, ale niezb\u0119dne do zawarcia umowy, \u015bwiadczenia us\u0142ug lub skorzystania z wybranych funkcjonalno\u015bci Portalu.<\/span><\/li><li><span style=\"font-weight: 400;\">Dane osobowe mog\u0105 by\u0107 r\u00f3wnie\u017c przetwarzane w celu wype\u0142nienia prawnych obowi\u0105zk\u00f3w Administratora, m.in. w zwi\u0105zku z przechowywaniem dokumentacji podatkowej.<\/span><\/li><\/ol><p>\u00a0<\/p><h2><strong>\u00a74 Okres przetwarzania danych osobowych<\/strong><\/h2><ol><li><span style=\"font-weight: 400;\">Dane osobowe U\u017cytkownik\u00f3w b\u0119d\u0105 przetwarzane przez okres:<\/span><ol><li><span style=\"font-weight: 400;\">gdy podstaw\u0105 przetwarzania danych jest wykonanie umowy \u2013 do momentu przedawnienia roszcze\u0144 po jej wykonaniu,<\/span><\/li><li><span style=\"font-weight: 400;\">gdy podstaw\u0105 przetwarzania danych jest zgoda \u2013 do momentu jej odwo\u0142ania, a po odwo\u0142aniu zgody do przedawnienia roszcze\u0144.<\/span><\/li><\/ol><\/li><li><span style=\"font-weight: 400;\">W obu przypadkach wskazanych w \u00a7 4 ust. 1 termin przedawnienia wynosi 6 lat, a dla roszcze\u0144 o \u015bwiadczenia okresowe i roszcze\u0144 dotycz\u0105cych prowadzenia dzia\u0142alno\u015bci gospodarczej \u2013 3 lata (je\u015bli przepis szczeg\u00f3lny nie stanowi inaczej).<\/span><\/li><\/ol><h3>\u00a0<\/h3><h2><strong>\u00a75 Udost\u0119pnianie danych osobowych<\/strong><\/h2><ol><li style=\"font-weight: 400;\" aria-level=\"1\"><span style=\"font-weight: 400;\">W celu realizacji umowy sprzeda\u017cy b\u0105d\u017a innych zobowi\u0105za\u0144 dane osobowe U\u017cytkownik\u00f3w mog\u0105 by\u0107 przekazywane podmiotom wsp\u00f3\u0142pracuj\u0105cym z Administratorem lub jego podwykonawcom, np. firmom obs\u0142uguj\u0105cym p\u0142atno\u015bci elektroniczne i innym podmiotom w celu realizacji zleconych przez Klienta us\u0142ug.<\/span><\/li><li style=\"font-weight: 400;\" aria-level=\"1\"><span style=\"font-weight: 400;\">Dane osobowe U\u017cytkownik\u00f3w nie b\u0119d\u0105 udost\u0119pniane osobom trzecim ani innym podmiotom poza celami wskazanymi w Polityce prywatno\u015bci.<\/span><\/li><li style=\"font-weight: 400;\" aria-level=\"1\"><span style=\"font-weight: 400;\">Dane osobowe U\u017cytkownik\u00f3w nie b\u0119d\u0105 przekazywane poza teren Europejskiego Obszaru Gospodarczego (EOG).<br \/><\/span><\/li><\/ol><p>\u00a0<\/p><h2><strong>\u00a76 Prawa U\u017cytkownika<\/strong><\/h2><ol><li style=\"font-weight: 400;\" aria-level=\"1\"><span style=\"font-weight: 400;\">U\u017cytkownik mo\u017ce za\u017c\u0105da\u0107 dost\u0119pu do tre\u015bci swoich danych osobowych przetwarzanych przez Administratora.<\/span><\/li><li style=\"font-weight: 400;\" aria-level=\"1\"><span style=\"font-weight: 400;\">U\u017cytkownik mo\u017ce za\u017c\u0105da\u0107 sprostowania b\u0105d\u017a poprawienia swoich danych osobowych przetwarzanych przez Administratora.<\/span><\/li><li style=\"font-weight: 400;\" aria-level=\"1\"><span style=\"font-weight: 400;\">U\u017cytkownik ma prawo wycofa\u0107 swoj\u0105 zgod\u0119 na przetwarzanie danych osobowych w ka\u017cdej chwili. Wycofanie zgody mo\u017ce dotyczy\u0107 wybranych cel\u00f3w przetwarzania lub obejmowa\u0107 wszystkie z tych cel\u00f3w. Nie ma ono jednak wp\u0142ywu na zgodno\u015b\u0107 z prawem przetwarzania, kt\u00f3re odbywa\u0142o si\u0119 w oparciu o zgod\u0119 przed jej wycofaniem.<\/span><\/li><li style=\"font-weight: 400;\" aria-level=\"1\"><span style=\"font-weight: 400;\">U\u017cytkownik ma prawo \u017c\u0105da\u0107 usuni\u0119cia swoich danych osobowych. \u017b\u0105danie usuni\u0119cia danych nie ma wp\u0142ywu na przetwarzanie, kt\u00f3re odbywa\u0142o si\u0119 przed zg\u0142oszeniem takiego \u017c\u0105dania.<\/span><\/li><li style=\"font-weight: 400;\" aria-level=\"1\"><span style=\"font-weight: 400;\">U\u017cytkownik mo\u017ce \u017c\u0105da\u0107 ograniczenia przetwarzania danych osobowych w okre\u015blonym czasie lub bez ograniczenia czasowego. U\u017cytkownik mo\u017ce te\u017c okre\u015bli\u0107 zakres ograniczenia przetwarzania danych. \u017b\u0105danie to nie ma wp\u0142ywu na czynno\u015bci\u00a0 dokonane przed jego zg\u0142oszeniem.<\/span><\/li><li style=\"font-weight: 400;\" aria-level=\"1\"><span style=\"font-weight: 400;\">U\u017cytkownik w ka\u017cdej chwili ma prawo wnie\u015b\u0107 sprzeciw wobec przetwarzania swoich danych osobowych zar\u00f3wno w zakresie wszystkich danych przetwarzanych przez Administratora, jak i w ograniczonym zakresie, np. w odniesieniu do przetwarzania danych w konkretnym celu.<\/span><\/li><li style=\"font-weight: 400;\" aria-level=\"1\"><span style=\"font-weight: 400;\">Zg\u0142oszenie przez U\u017cytkownika roszcze\u0144 zwi\u0105zanych z uprawnieniami wymienionymi w \u00a7 6 ust. 1-6 nale\u017cy przes\u0142a\u0107 na adres admin@neuro-medica.pl.<\/span><\/li><li style=\"font-weight: 400;\" aria-level=\"1\"><span style=\"font-weight: 400;\">Administrator udziela odpowiedzi na \u017c\u0105danie dotycz\u0105ce przetwarzania danych osobowych U\u017cytkownika maksymalnie w ci\u0105gu miesi\u0105ca od jego otrzymania.<\/span><\/li><li style=\"font-weight: 400;\" aria-level=\"1\"><span style=\"font-weight: 400;\">U\u017cytkownik ma prawo z\u0142o\u017cy\u0107 skarg\u0119 do Prezesa Urz\u0119du Ochrony Danych Osobowych, je\u015bli uzna, \u017ce przetwarzanie narusza jego prawa i wolno\u015bci w \u015bwietle obowi\u0105zuj\u0105cych przepis\u00f3w prawa.<\/span><\/li><\/ol><h3>\u00a0<\/h3><h2><strong>\u00a77 Pliki cookies<\/strong><\/h2><ol><li><span style=\"font-weight: 400;\">Portal korzysta z technologii plik\u00f3w cookies (tzw. ciasteczka), kt\u00f3ra umo\u017cliwia zbieranie informacji dotycz\u0105cych aktywno\u015bci U\u017cytkownika w ramach Portalu oraz jego preferencji. Pliki cookies wykorzystywane s\u0105 w celu dostosowania strony internetowej do potrzeb U\u017cytkownika, a tak\u017ce mog\u0105 s\u0142u\u017cy\u0107 celom reklamowym i statystycznym.<\/span><\/li><li><span style=\"font-weight: 400;\">Pliki cookies zawieraj\u0105 unikalny kod referencyjny, kt\u00f3ry strona internetowa zapisuje na urz\u0105dzeniu U\u017cytkownika w celu przechowywania informacji dotycz\u0105cych u\u017cywanego urz\u0105dzenia lub oprogramowania. Informacje te zapisywane s\u0105 przede wszystkim po to, by spersonalizowa\u0107 tre\u015bci, do kt\u00f3rych w ramach Portalu ma dost\u0119p U\u017cytkownik.<\/span><\/li><li><span style=\"font-weight: 400;\">Podczas wizyty na Portalu U\u017cytkownik mo\u017ce wyrazi\u0107 zgod\u0119 lub nie wyrazi\u0107 zgody na korzystanie z plik\u00f3w cookies poprzez wybranie odpowiedniej opcji na banerze znajduj\u0105cym si\u0119 na stronie.<\/span><\/li><li><span style=\"font-weight: 400;\">U\u017cytkownik mo\u017ce okre\u015bli\u0107 zakres dost\u0119pu plik\u00f3w cookies do swojego urz\u0105dzenia w ustawieniach przegl\u0105darki internetowej.<\/span><\/li><li><span style=\"font-weight: 400;\">Niekt\u00f3re pliki cookies wykorzystywane przez Portal s\u0105 dost\u0119pne tylko podczas danej sesji internetowej i wygasaj\u0105 po zamkni\u0119ciu przegl\u0105darki, z kt\u00f3rej korzysta na swoim urz\u0105dzeniu U\u017cytkownik. Istniej\u0105 r\u00f3wnie\u017c pliki cookies umo\u017cliwiaj\u0105ce rozpoznawanie U\u017cytkownika, kt\u00f3ry ponownie korzysta z Portalu, oraz zapisywanie jego preferencji. Tego rodzaju pliki mog\u0105 by\u0107 przechowywane na urz\u0105dzeniu U\u017cytkownika przez d\u0142u\u017cszy czas okre\u015blony w parametrach danego pliku lub do czasu usuni\u0119cia ich przez U\u017cytkownika.<\/span><\/li><li><span style=\"font-weight: 400;\">Pliki cookies b\u0119d\u0105 wykorzystywane przez Portal do prawid\u0142owego zarz\u0105dzania sesj\u0105, a w szczeg\u00f3lno\u015bci w celu:<\/span><ol><li><span style=\"font-weight: 400;\">rozpoznawania, czy osoba korzystaj\u0105ca z Portalu jest zarejestrowana,<\/span><\/li><li><span style=\"font-weight: 400;\">tworzenia sesji logowania, dzi\u0119ki kt\u00f3rej U\u017cytkownik mo\u017ce pozosta\u0107 zalogowany na stronie i korzysta\u0107 z funkcji dost\u0119pnych na Portalu bez konieczno\u015bci ponownego logowania,<\/span><\/li><li><span style=\"font-weight: 400;\">pobierania informacji z urz\u0105dzenia U\u017cytkownika, w tym m.in. adresu IP oraz informacji dotycz\u0105cych u\u017cywanej przegl\u0105darki, w celu administrowania strony, zbierania informacji na temat u\u017cytkowania witryny oraz skutecznego diagnozowania problem\u00f3w zwi\u0105zanych z funkcjonowaniem Portalu,<\/span><\/li><li><span style=\"font-weight: 400;\">zbierania informacji statystycznych dotycz\u0105cych korzystania przez U\u017cytkownika ze strony w celu ulepszenia Portalu.<\/span><\/li><\/ol><\/li><li><span style=\"font-weight: 400;\">Zapisywanie plik\u00f3w cookies na urz\u0105dzeniu U\u017cytkownika wspiera prawid\u0142owe dzia\u0142anie Portalu i jest bezpieczne.<\/span><\/li><li><span style=\"font-weight: 400;\">Usuwanie lub blokowanie plik\u00f3w cookies mo\u017ce uniemo\u017cliwi\u0107 b\u0105d\u017a utrudni\u0107 korzystanie z niekt\u00f3rych funkcji dost\u0119pnych w ramach Portalu.<\/span><\/li><\/ol><h3>\u00a0<\/h3><h2><strong>\u00a78 Zautomatyzowane przetwarzanie danych<\/strong><\/h2><ol><li style=\"font-weight: 400;\" aria-level=\"1\"><span style=\"font-weight: 400;\">Zautomatyzowane przetwarzanie danych osobowych (inaczej: profilowanie) polega na wykorzystaniu danych osobowych do oceny niekt\u00f3rych czynnik\u00f3w osobowych osoby fizycznej, w szczeg\u00f3lno\u015bci do analizy lub prognozy aspekt\u00f3w dotycz\u0105cych efekt\u00f3w pracy tej osoby fizycznej, jej sytuacji ekonomicznej, zdrowia, osobistych preferencji, zainteresowa\u0144, wiarygodno\u015bci, zachowania, lokalizacji lub przemieszczania si\u0119.<\/span><\/li><li style=\"font-weight: 400;\" aria-level=\"1\"><span style=\"font-weight: 400;\">Dane osobowe U\u017cytkownik\u00f3w mog\u0105 by\u0107 przetwarzane w zautomatyzowany spos\u00f3b w celu analizy wybranych informacji o U\u017cytkowniku, zw\u0142aszcza prognozy jego preferencji i zainteresowa\u0144.<\/span><\/li><li style=\"font-weight: 400;\" aria-level=\"1\"><span style=\"font-weight: 400;\">Dane osobowe U\u017cytkownik\u00f3w nie b\u0119d\u0105 przetwarzane w zautomatyzowany spos\u00f3b tak, \u017ce na skutek tego mog\u0142yby zapa\u015b\u0107 wobec nich jakiekolwiek decyzje.<\/span><\/li><li style=\"font-weight: 400;\" aria-level=\"1\"><span style=\"font-weight: 400;\">Dane U\u017cytkownik\u00f3w mog\u0105 by\u0107 profilowane celem dostosowania tre\u015bci i personalizacji oferty marketingowej po wyra\u017ceniu przez nich zgody.<\/span><\/li><\/ol><h3>\u00a0<\/h3><h2><strong>\u00a79 Postanowienia ko\u0144cowe<\/strong><\/h2><ol><li style=\"font-weight: 400;\" aria-level=\"1\"><span style=\"font-weight: 400;\">Administrator ma prawo do wprowadzenia zmian w Polityce prywatno\u015bci, przy czym prawa U\u017cytkownik\u00f3w nie zostan\u0105 ograniczone.<\/span><\/li><li style=\"font-weight: 400;\" aria-level=\"1\"><span style=\"font-weight: 400;\">Zmiany dokonane w niniejszej Polityce prywatno\u015bci wchodz\u0105 w \u017cycie w ci\u0105gu 3 dni.<\/span><\/li><li style=\"font-weight: 400;\" aria-level=\"1\"><span style=\"font-weight: 400;\">Wi\u0119cej informacji na temat przetwarzania danych osobowych mo\u017cna uzyska\u0107 u Administratora po przes\u0142aniu wiadomo\u015bci e-mail na adres: admin@<\/span><span style=\"font-weight: 400;\">neuro-medica.pl<\/span><span style=\"font-weight: 400;\">.<\/span><\/li><\/ol>\t\t\t\t\t\t\t\t<\/div>\n\t\t\t\t<\/div>\n\t\t\t\t\t<\/div>\n\t\t\t\t<\/div>\n\t\t\t\t<\/div>","protected":false},"excerpt":{"rendered":"<p>Przetwarzanie danych osobowych \u00a71 Postanowienia og\u00f3lne Polityka prywatno\u015bci okre\u015bla, w jaki spos\u00f3b zbierane, przetwarzane i przechowywane s\u0105 dane osobowe u\u017cytkownika korzystaj\u0105cego ze strony internetowej instytutu Neuro Medica (dalej: U\u017cytkownik). Dane te s\u0105 niezb\u0119dne do \u015bwiadczenia us\u0142ug drog\u0105 elektroniczn\u0105 za po\u015brednictwem serwisu internetowego dost\u0119pnego w domenie neuro-medica.pl (dalej: Portal). W niniejszej Polityce prywatno\u015bci znajduj\u0105 si\u0119 informacje [&hellip;]<\/p>\n","protected":false},"author":1,"featured_media":0,"parent":0,"menu_order":0,"comment_status":"closed","ping_status":"closed","template":"","meta":{"site-sidebar-layout":"no-sidebar","site-content-layout":"page-builder","ast-site-content-layout":"full-width-container","site-content-style":"default","site-sidebar-style":"default","ast-global-header-display":"","ast-banner-title-visibility":"","ast-main-header-display":"","ast-hfb-above-header-display":"","ast-hfb-below-header-display":"","ast-hfb-mobile-header-display":"","site-post-title":"disabled","ast-breadcrumbs-content":"","ast-featured-img":"disabled","footer-sml-layout":"","ast-disable-related-posts":"","theme-transparent-header-meta":"","adv-header-id-meta":"","stick-header-meta":"","header-above-stick-meta":"","header-main-stick-meta":"","header-below-stick-meta":"","astra-migrate-meta-layouts":"set","ast-page-background-enabled":"default","ast-page-background-meta":{"desktop":{"background-color":"var(--ast-global-color-4)","background-image":"","background-repeat":"repeat","background-position":"center center","background-size":"auto","background-attachment":"scroll","background-type":"","background-media":"","overlay-type":"","overlay-color":"","overlay-opacity":"","overlay-gradient":""},"tablet":{"background-color":"","background-image":"","background-repeat":"repeat","background-position":"center center","background-size":"auto","background-attachment":"scroll","background-type":"","background-media":"","overlay-type":"","overlay-color":"","overlay-opacity":"","overlay-gradient":""},"mobile":{"background-color":"","background-image":"","background-repeat":"repeat","background-position":"center center","background-size":"auto","background-attachment":"scroll","background-type":"","background-media":"","overlay-type":"","overlay-color":"","overlay-opacity":"","overlay-gradient":""}},"ast-content-background-meta":{"desktop":{"background-color":"var(--ast-global-color-5)","background-image":"","background-repeat":"repeat","background-position":"center center","background-size":"auto","background-attachment":"scroll","background-type":"","background-media":"","overlay-type":"","overlay-color":"","overlay-opacity":"","overlay-gradient":""},"tablet":{"background-color":"var(--ast-global-color-5)","background-image":"","background-repeat":"repeat","background-position":"center center","background-size":"auto","background-attachment":"scroll","background-type":"","background-media":"","overlay-type":"","overlay-color":"","overlay-opacity":"","overlay-gradient":""},"mobile":{"background-color":"var(--ast-global-color-5)","background-image":"","background-repeat":"repeat","background-position":"center center","background-size":"auto","background-attachment":"scroll","background-type":"","background-media":"","overlay-type":"","overlay-color":"","overlay-opacity":"","overlay-gradient":""}},"footnotes":""},"class_list":["post-2453","page","type-page","status-publish","hentry"],"_links":{"self":[{"href":"https:\/\/neuro-medica.pl\/en\/wp-json\/wp\/v2\/pages\/2453","targetHints":{"allow":["GET"]}}],"collection":[{"href":"https:\/\/neuro-medica.pl\/en\/wp-json\/wp\/v2\/pages"}],"about":[{"href":"https:\/\/neuro-medica.pl\/en\/wp-json\/wp\/v2\/types\/page"}],"author":[{"embeddable":true,"href":"https:\/\/neuro-medica.pl\/en\/wp-json\/wp\/v2\/users\/1"}],"replies":[{"embeddable":true,"href":"https:\/\/neuro-medica.pl\/en\/wp-json\/wp\/v2\/comments?post=2453"}],"version-history":[{"count":14,"href":"https:\/\/neuro-medica.pl\/en\/wp-json\/wp\/v2\/pages\/2453\/revisions"}],"predecessor-version":[{"id":2825,"href":"https:\/\/neuro-medica.pl\/en\/wp-json\/wp\/v2\/pages\/2453\/revisions\/2825"}],"wp:attachment":[{"href":"https:\/\/neuro-medica.pl\/en\/wp-json\/wp\/v2\/media?parent=2453"}],"curies":[{"name":"wp","href":"https:\/\/api.w.org\/{rel}","templated":true}]}}