{"id":2436,"date":"2025-06-18T10:30:00","date_gmt":"2025-06-18T10:30:00","guid":{"rendered":"https:\/\/neuro-medica.pl\/?page_id=2436"},"modified":"2025-07-17T08:50:21","modified_gmt":"2025-07-17T08:50:21","slug":"regulaminy","status":"publish","type":"page","link":"https:\/\/neuro-medica.pl\/en\/regulaminy\/","title":{"rendered":"Regulaminy"},"content":{"rendered":"<div data-elementor-type=\"wp-page\" data-elementor-id=\"2436\" class=\"elementor elementor-2436\" data-elementor-settings=\"{&quot;ha_cmc_init_switcher&quot;:&quot;no&quot;}\" data-elementor-post-type=\"page\">\n\t\t\t\t<div class=\"elementor-element elementor-element-9c6e461 e-flex e-con-boxed e-con e-parent\" data-id=\"9c6e461\" data-element_type=\"container\" data-e-type=\"container\" data-settings=\"{&quot;_ha_eqh_enable&quot;:false}\">\n\t\t\t\t\t<div class=\"e-con-inner\">\n\t\t\t\t<div class=\"elementor-element elementor-element-87a2e26 elementor-widget elementor-widget-heading\" data-id=\"87a2e26\" data-element_type=\"widget\" data-e-type=\"widget\" data-widget_type=\"heading.default\">\n\t\t\t\t<div class=\"elementor-widget-container\">\n\t\t\t\t\t<h2 class=\"elementor-heading-title elementor-size-default\">Neuro Medica Terms of Use\n\n<\/h2>\t\t\t\t<\/div>\n\t\t\t\t<\/div>\n\t\t\t\t<div class=\"elementor-element elementor-element-ec221be elementor-widget elementor-widget-text-editor\" data-id=\"ec221be\" data-element_type=\"widget\" data-e-type=\"widget\" data-widget_type=\"text-editor.default\">\n\t\t\t\t<div class=\"elementor-widget-container\">\n\t\t\t\t\t\t\t\t\t<h2><b>\u00a7 1 General provisions<\/b><\/h2><ol><li style=\"font-weight: 400;\" aria-level=\"1\" class=\"translation-block\"><span style=\"font-weight: 400\">These terms and conditions determine the rules of using the Neuro Medica Naturotherapy Institute website, available at <\/span><span style=\"font-weight: 400\">neuro-medica.pl<\/span><span style=\"font-weight: 400\">, hereinafter referred to as: Portal.<\/span><\/li><li style=\"font-weight: 400;\" aria-level=\"1\"><span style=\"font-weight: 400;\">The administrator of the portal is the Foundation for Integrative Neuroscience, based in Olsztyn, Poland, at Ko\u015bciuszki Street 84a, NIP: 7394012559, hereinafter referred to as \u201cNeuro Medica\".<\/span><\/li><li style=\"font-weight: 400;\" aria-level=\"1\"><span style=\"font-weight: 400;\">The portal allows users to schedule neurophysiological consultations online and access information about the activities of the Neuro Medica institute, as well as natural methods of supporting the nervous system and well-being of the body.<\/span><\/li><li style=\"font-weight: 400;\" aria-level=\"1\"><span style=\"font-weight: 400;\">Neuro Medica makes every effort to ensure that users' personal data is protected. It will not be disclosed to third parties, except in situations specified by law and necessary for the provision of services.<\/span><\/li><li style=\"font-weight: 400;\" aria-level=\"1\"><span style=\"font-weight: 400;\">The content of this website is not medical advice and should not be treated as such.\u00a0<\/span><\/li><li style=\"font-weight: 400;\" aria-level=\"1\"><span style=\"font-weight: 400;\">In order to register on the Portal, the user must have an active email account.<\/span><\/li><li style=\"font-weight: 400;\" aria-level=\"1\"><span style=\"font-weight: 400;\">Neuro Medica uses cookies to store information about the Portal on the hard drive of the end device of the person visiting the Website. This mechanism enables the effective use of the Website. It has no harmful effect on the operation of the user's end device or the software installed on it. The user has the option to voluntarily consent or refuse to consent to the use of cookies after entering the Portal.<\/span><\/li><\/ol><h2><b>\u00a7 2 Registration and user account<\/b><\/h2><ol><li style=\"font-weight: 400;\" aria-level=\"1\"><span style=\"font-weight: 400;\">Creating an account on the portal is free and voluntary.<\/span><\/li><li style=\"font-weight: 400;\" aria-level=\"1\"><span style=\"font-weight: 400;\">The user is obliged to provide true personal data necessary for the proper provision of services by Neuro Medica.<\/span><\/li><li style=\"font-weight: 400;\" aria-level=\"1\"><span style=\"font-weight: 400;\">The user is fully responsible for maintaining the confidentiality of their login details (username and password).<\/span><\/li><li style=\"font-weight: 400;\" aria-level=\"1\"><span style=\"font-weight: 400;\">When completing the registration form, the user has the opportunity to read the Terms and Conditions and decide whether to accept them. To accept the Terms and Conditions, the user must tick the appropriate box on the registration form.\u00a0<\/span><\/li><li style=\"font-weight: 400;\" aria-level=\"1\"><span style=\"font-weight: 400;\">Neuro Medica may suspend or delete a user's account if the user violates the provisions of these Terms and Conditions, the law, or the rules of social coexistence.<\/span><\/li><\/ol><h2><b>\u00a7 3 Services<\/b><\/h2><ol><li><span style=\"font-weight: 400;\">Neuro Medica provides free services electronically to users of the Portal. These services are available 24 hours a day, 7 days a week.<\/span><\/li><li><span style=\"font-weight: 400;\">Neuro Medica \u015bwiadczy na rzecz u\u017cytkownik\u00f3w nast\u0119puj\u0105ce us\u0142ugi nieodp\u0142atne:<\/span><ol><li><span style=\"font-weight: 400;\">Formularz kontaktowy,<\/span><\/li><li><span style=\"font-weight: 400;\">Newsletter<\/span><\/li><\/ol><\/li><li><span style=\"font-weight: 400;\">The Contact Form service allows you to send a message to Neuro Medica using the form available on the Portal. In order to use this service, the user should fill in the form available on the Portal and send the completed form electronically by selecting the proper option in the form.<\/span><\/li><li class=\"translation-block\"><span style=\"font-weight: 400\">The Newsletter service consists of sending the user electronic information about offers and news concerning the activities of the Neuro Medica institute. In order to use the service, the user enters their email address via the registration form available on the Portal. After submitting the completed registration form, the user receives an email confirmation of the contract for the provision of the Newsletter service to the email address provided in the registration form. At this point, the contract for the provision of the Newsletter service by electronic means is concluded. The user may unsubscribe from this service at any time by selecting the appropriate link at the end of the e-mail message received as part of the Newsletter or by sending an appropriate statement to the e-mail address of the Portal owner: <\/span><span style=\"font-weight: 400\">info@neuro-medica.pl<\/span><span style=\"font-weight: 400\">.<\/span><\/li><li><span style=\"font-weight: 400;\">The Portal Owner is entitled to block access to free services in the event of a user violating the law or the provisions of the Terms and Conditions, or taking actions that threaten the security of the Portal (including hacking). Blocking access to free services for the reasons mentioned above shall last for the period necessary to resolve the issue that led to the blocking of access to free services.<\/span><\/li><li><span style=\"font-weight: 400;\">Neuro Medica also provides paid services, which are described in detail in the Consultation Terms and Conditions document, which is attached to these regulations.<\/span><\/li><\/ol><h2><b>\u00a7 4 Final provisions<\/b><\/h2><ol><li style=\"font-weight: 400;\" aria-level=\"1\"><span style=\"font-weight: 400;\">The customer is not entitled to resell purchased goods or digital content without prior agreement with Neuro Medica.<\/span><\/li><li style=\"font-weight: 400;\" aria-level=\"1\"><span style=\"font-weight: 400;\">Any doubts or issues related to violations of these Terms and Conditions should be reported to the following email address: admin@neuro-medica.pl.<\/span><\/li><li style=\"font-weight: 400;\" aria-level=\"1\"><span style=\"font-weight: 400;\">Any disputes arising from the conclusion of a sales contract, service contract, or contract for the supply of digital content and digital services shall first be resolved through mediation. If mediation proves ineffective, the dispute shall be resolved in accordance with the procedures provided for in generally applicable legal acts.<\/span><\/li><li style=\"font-weight: 400;\" aria-level=\"1\"><span style=\"font-weight: 400;\">The administrator of personal data is the Foundation for Integrative Neuroscience, based in Olsztyn, Poland at Ko\u015bciuszki Street 84a, NIP: 7394012559. Detailed information on the processing of personal data is available in the Privacy Policy, which can be found on the website neuro-medica.pl.<\/span><\/li><li style=\"font-weight: 400;\" aria-level=\"1\"><span style=\"font-weight: 400;\">The Terms and Conditions shall enter into force on June 1, 2025. The Administrator reserves the right to amend the Terms and Conditions at any time for important reasons. Contracts concluded before the amendment to the Terms and Conditions shall be governed by the Terms and Conditions in force at the time of conclusion of the contract. After the amendment, the Terms and Conditions shall enter into force within 3 days.\u00a0<\/span><\/li><\/ol>\t\t\t\t\t\t\t\t<\/div>\n\t\t\t\t<\/div>\n\t\t\t\t<div class=\"elementor-element elementor-element-306c33c elementor-widget elementor-widget-heading\" data-id=\"306c33c\" data-element_type=\"widget\" data-e-type=\"widget\" data-widget_type=\"heading.default\">\n\t\t\t\t<div class=\"elementor-widget-container\">\n\t\t\t\t\t<h2 class=\"elementor-heading-title elementor-size-default\">Consultation Terms of Service\n<\/h2>\t\t\t\t<\/div>\n\t\t\t\t<\/div>\n\t\t\t\t<div class=\"elementor-element elementor-element-75b3554 elementor-widget elementor-widget-text-editor\" data-id=\"75b3554\" data-element_type=\"widget\" data-e-type=\"widget\" data-widget_type=\"text-editor.default\">\n\t\t\t\t<div class=\"elementor-widget-container\">\n\t\t\t\t\t\t\t\t\t<h2><strong>\u00a7 1 General provisions<\/strong><\/h2><ol><li style=\"font-weight: 400;\" aria-level=\"1\"><span style=\"font-weight: 400;\"><span style=\"font-weight: 400;\">These terms and conditions set out the rules for using the services provided online and in person at the office located at G\u0119bika Street 10B, 10-686 Olsztyn.<\/span><\/span><p>\u00a0<\/p><\/li><li style=\"font-weight: 400;\" aria-level=\"1\"><span style=\"font-weight: 400;\">Zastosowane w Regulaminie terminy maj\u0105 nast\u0119puj\u0105ce znaczenie:\u00a0<\/span><ol><li><span style=\"font-weight: 400;\">Us\u0142ugodawca &#8211; Fundacja Instytut Neuronauki Integracyjnej, z siedzib\u0105 w Olsztynie przy ul. Ko\u015bciuszki 84a, NIP: 7394012559, email: info<\/span><span style=\"font-weight: 400;\">@<\/span><span style=\"font-weight: 400;\">neuro-medica.pl, wpisana do Rejestru Przedsi\u0119biorc\u00f3w KRS prowadzonego przez S\u0105d Rejonowy w Olsztynie.<\/span><\/li><li><span style=\"font-weight: 400;\">Us\u0142ugobiorca \u2013 pe\u0142noletnia osoba fizyczna b\u0119d\u0105ca konsumentem w rozumieniu art. 221 ustawy z dnia 23 kwietnia 1964 r. Kodeks cywilny (Dz. U. 2020 r. poz. 1740 z p\u00f3\u017an. zm.) oraz pe\u0142noletnia osoba fizyczna zawieraj\u0105ca umow\u0119 bezpo\u015brednio zwi\u0105zan\u0105 z jej dzia\u0142alno\u015bci\u0105 gospodarcz\u0105, gdy z tre\u015bci tej umowy wynika, \u017ce nie posiada ona dla tej osoby charakteru zawodowego, wynikaj\u0105cego w szczeg\u00f3lno\u015bci z przedmiotu wykonywanej przez ni\u0105 dzia\u0142alno\u015bci gospodarczej,<\/span><\/li><li><span style=\"font-weight: 400;\">Us\u0142uga &#8211; konsultacja \u015bwiadczona przez Us\u0142ugodawc\u0119 na rzecz Us\u0142ugobiorcy. W ramach Us\u0142ugi Us\u0142ugodawca analizuje informacje dotycz\u0105ce stylu \u017cycia Us\u0142ugobiorcy i udziela informacji dotycz\u0105cych dzia\u0142a\u0144 umo\u017cliwiaj\u0105cych popraw\u0119 jego kondycji psychofizycznej,<\/span><\/li><li><span style=\"font-weight: 400;\">Test &#8211; dost\u0119pny na Portalu formularz zawieraj\u0105cy test neurofizjologiczny online, za pomoc\u0105 kt\u00f3rego okre\u015bla si\u0119 szacowane poziomy aktywno\u015bci neuroprzeka\u017anik\u00f3w w uk\u0142adzie nerwowym osoby korzystaj\u0105cej z konsultacji,<\/span><\/li><li><span style=\"font-weight: 400;\"><span style=\"font-weight: 400;\">Regulamin &#8211; niniejszy regulamin.<\/span><\/span><p>\u00a0<\/p><\/li><\/ol><\/li><li style=\"font-weight: 400;\" aria-level=\"1\"><span style=\"font-weight: 400;\">The Neuro Medica Terms of Service constitute an appendix to the Terms of Use of the neuro-medica.pl portal. The definitions used in the Neuro Medica Terms of Use have the same meaning in these Terms of Service, unless stated otherwise.<br \/><br \/><\/span><\/li><\/ol><h2><b>\u00a7 2 Provision of services<\/b><\/h2><ol><li style=\"font-weight: 400;\" aria-level=\"1\" class=\"translation-block\"><span style=\"font-weight: 400\">The Service provider offers the following paid services:<\/span><span style=\"font-weight: 400\"><br><\/span><span style=\"font-weight: 400\">a) Neurophysiological Consultation \u2013 the service is provided online or in person.<\/span><\/li><li style=\"font-weight: 400;\" aria-level=\"1\"><span style=\"font-weight: 400;\">Online consultations are conducted via the functions available on the Portal and via email. The service recipient fills out and submits the form available on the Portal's website. Then, before the scheduled online consultation, the Customer receives a link to the meeting, which allows them to join the conversation. Current information on the cost of the service is available on the Neuro Medica Institute website.<\/span><\/li><li style=\"font-weight: 400;\" aria-level=\"1\"><span style=\"font-weight: 400;\">Consultations in person take place at the office located at G\u0119bika Street 10B, 10-686 Olsztyn, Poland. Current information on the cost of the service is available on the Neuro Medica Institute website.<\/span><\/li><li style=\"font-weight: 400;\" aria-level=\"1\"><span style=\"font-weight: 400;\">To schedule a Neurophysiological Consultation, it is advised to contact the Service Provider to arrange an online consultation appointment.<\/span><\/li><li style=\"font-weight: 400;\" aria-level=\"1\"><span style=\"font-weight: 400;\">To participate in an online consultation, it is recommended to use an up-to-date web browser and a device that enables voice connection (microphone), as well as have access to the Internet. The use of a webcam is also recommended.<\/span><\/li><li style=\"font-weight: 400;\" aria-level=\"1\"><span style=\"font-weight: 400;\">Cancellation or rescheduling of an appointment is possible no later than 24 hours before the scheduled appointment time (excluding weekends and public holidays). If an online consultation is canceled less than 24 hours before the scheduled appointment time, the service fee is non-refundable. It is not possible to reschedule an appointment less than 24 hours before the consultation.<\/span><\/li><li style=\"font-weight: 400;\" aria-level=\"1\"><span style=\"font-weight: 400;\">To use the Service in person, you must arrange an appointment with the Service Provider at their office. To do so, we recommend contacting the Service Provider using the contact form available on the Neuro Medica website.<\/span><\/li><li style=\"font-weight: 400;\" aria-level=\"1\"><span style=\"font-weight: 400;\">In order to properly perform the Service, the Customer shall provide accurate information about their lifestyle. The Service Provider shall not be liable for any errors related to the performance of the Service if the information provided is incomplete or untrue.<\/span><\/li><li style=\"font-weight: 400;\" aria-level=\"1\"><span style=\"font-weight: 400;\">The Service is intended exclusively for individuals with full legal capacity. By entering into a contract for the provision of the Service, the Service Recipient declares that they are of legal age and assume legal responsibility for this declaration.<\/span><\/li><li style=\"font-weight: 400;\" aria-level=\"1\"><span style=\"font-weight: 400;\">The information provided during consultations does not constitute medical advice and should not be treated as such.<\/span><\/li><li style=\"font-weight: 400;\" aria-level=\"1\"><span style=\"font-weight: 400;\">The service is intended for healthy individuals who wish to improve their health or nervous system functioning. The service is not intended for individuals with diagnosed medical conditions.<\/span><\/li><li style=\"font-weight: 400;\" aria-level=\"1\"><span style=\"font-weight: 400;\">If there are any doubts regarding the possibility of using the Service, the Service Recipient should contact a doctor who will assess their health condition.<\/span><\/li><li style=\"font-weight: 400;\" aria-level=\"1\"><span style=\"font-weight: 400;\">The Service Recipient acknowledges that the information provided as part of the Service does not guarantee the results expected by the Service Recipient due to the complexity and multitude of factors that may affect their condition.<\/span><\/li><li style=\"font-weight: 400;\" aria-level=\"1\"><span style=\"font-weight: 400;\">The Service Recipient voluntarily provides personal data in the Test, the results of which are analyzed as part of the Service. However, the Service Provider reserves that the provision of relevant personal data by the Service Recipient is necessary for the proper performance of the Service. The administrator of personal data is the Service Provider.<\/span><\/li><li style=\"font-weight: 400;\" aria-level=\"1\"><span style=\"font-weight: 400;\">The Customer has the right to withdraw from the contract for the provision of the Service within 14 days from the date of conclusion of the contract. This right does not apply if the Service Provider has fully performed the Service with the explicit consent of the Customer.<\/span><\/li><li style=\"font-weight: 400;\" aria-level=\"1\" class=\"translation-block\"><span style=\"font-weight: 400\">The Service recipient may send a statement of withdrawal from the contract to the following e-mail address: admin<\/span><span style=\"font-weight: 400\">@<\/span><span style=\"font-weight: 400\">neuro-medica.pl.<br><br><\/span><\/li><\/ol><h2><b>\u00a7 3 P\u0142atno\u015bci<\/b><\/h2><ol><li style=\"font-weight: 400;\" aria-level=\"1\"><span style=\"font-weight: 400;\">Us\u0142ugobiorca zobowi\u0105zany jest dokona\u0107 op\u0142aty zwi\u0105zanej ze \u015bwiadczeniem Us\u0142ugi.<\/span><\/li><li style=\"font-weight: 400;\" aria-level=\"1\"><span style=\"font-weight: 400;\">W instytucie Neuro Medica akceptowane s\u0105 nast\u0119puj\u0105ce formy p\u0142atno\u015bci za us\u0142ugi:<\/span><ol><li><span style=\"font-weight: 400;\">a) przelew na konto bankowe w walucie PLN<\/span><\/li><li><span style=\"font-weight: 400;\">b) p\u0142atno\u015b\u0107 got\u00f3wk\u0105 podczas um\u00f3wionej wizyty.<\/span><\/li><\/ol><\/li><li style=\"font-weight: 400;\" aria-level=\"1\"><span style=\"font-weight: 400;\">Mo\u017cliwo\u015b\u0107 skorzystania z konkretnej formy p\u0142atno\u015bci jest uzale\u017cniona od wybranej us\u0142ugi. Szczeg\u00f3\u0142owe informacje dotycz\u0105ce p\u0142atno\u015bci dost\u0119pne s\u0105 na Portalu podczas umawiania wizyty b\u0105d\u017a zamawiania Us\u0142ugi.<\/span><\/li><\/ol><h2><b>\u00a7 4 Przetwarzanie danych osobowych<\/b><\/h2><ol><li style=\"font-weight: 400;\" aria-level=\"1\"><span style=\"font-weight: 400;\">Dane osobowe Us\u0142ugobiorcy s\u0105 przetwarzane i przechowywane w celu w\u0142a\u015bciwego wykonania Us\u0142ugi. Dane te s\u0105 przetwarzane przez czas niezb\u0119dny do wykonania Us\u0142ugi b\u0105d\u017a do czasu rezygnacji z Us\u0142ugi. Po tym czasie dane osobowe Us\u0142ugobiorcy zostaj\u0105 usuni\u0119te b\u0105d\u017a trwale zanonimizowane, czyli poddane procesowi, kt\u00f3ry uniemo\u017cliwia identyfikacj\u0119 Us\u0142ugobiorcy.<\/span><\/li><li style=\"font-weight: 400;\" aria-level=\"1\"><span style=\"font-weight: 400;\">Us\u0142ugobiorca ma prawo do wycofania zgody na przetwarzanie danych osobowych w dowolnym momencie. W tym celu nale\u017cy wys\u0142a\u0107 wiadomo\u015b\u0107 e-mail na adres: admin<\/span><span style=\"font-weight: 400;\">@<\/span><span style=\"font-weight: 400;\">neuro-medica.pl.<\/span><\/li><\/ol><h2><b>\u00a7 5 Postanowienia ko\u0144cowe<\/b><\/h2><ol><li style=\"font-weight: 400;\" aria-level=\"1\"><span style=\"font-weight: 400;\">Regulamin wchodzi w \u017cycie z dniem 01.06.2025 r.\u00a0<\/span><\/li><li style=\"font-weight: 400;\" aria-level=\"1\"><span style=\"font-weight: 400;\">Us\u0142ugodawca zastrzega sobie prawo do zmiany Regulaminu, w szczeg\u00f3lno\u015bci w przypadku zmiany przepis\u00f3w prawa reguluj\u0105cych kwestie opisane w Regulaminie, a tak\u017ce w razie zmiany warunk\u00f3w \u015bwiadczenia Us\u0142ugi.<\/span><\/li><li style=\"font-weight: 400;\" aria-level=\"1\"><span style=\"font-weight: 400;\">Us\u0142ugodawca poinformuje Klient\u00f3w oraz Us\u0142ugobiorc\u00f3w o zmianie Regulaminu poprzez wys\u0142anie wiadomo\u015bci e-mail. Zmieniony Regulamin wchodzi w \u017cycie w ci\u0105gu 7 dni od momentu opublikowania.<\/span><\/li><li style=\"font-weight: 400;\" aria-level=\"1\"><span style=\"font-weight: 400;\">W przypadku um\u00f3w zawartych przed zmian\u0105 Regulaminu maj\u0105 zastosowanie postanowienia Regulaminu obowi\u0105zuj\u0105ce w momencie zawierania umowy.<\/span><\/li><li style=\"font-weight: 400;\" aria-level=\"1\"><span style=\"font-weight: 400;\">Wszelkie w\u0105tpliwo\u015bci, pytania oraz sugestie dotycz\u0105ce Us\u0142ugi nale\u017cy zg\u0142asza\u0107 poprzez wiadomo\u015b\u0107 e-mail na adres: info<\/span><span style=\"font-weight: 400;\">@<\/span><span style=\"font-weight: 400;\">neuro-medica.pl.<\/span><\/li><\/ol>\t\t\t\t\t\t\t\t<\/div>\n\t\t\t\t<\/div>\n\t\t\t\t\t<\/div>\n\t\t\t\t<\/div>\n\t\t\t\t<\/div>","protected":false},"excerpt":{"rendered":"<p>Regulamin Neuro Medica \u00a7 1 Postanowienia og\u00f3lne Niniejszy regulamin okre\u015bla zasady korzystania z portalu internetowego instytutu Naturoterapii Neuro Medica, dost\u0119pnego pod adresem neuro-medica.pl, dalej: Portal. Administratorem portalu jest Fundacja Instytut Neuronauki Integracyjnej, z siedzib\u0105 w Olsztynie przy ul. Ko\u015bciuszki 84a, NIP: 7394012559, dalej: \u201cNeuro Medica\u201d. Portal umo\u017cliwia u\u017cytkownikom umawianie konsultacji neurofizjologicznych online oraz dost\u0119p do [&hellip;]<\/p>\n","protected":false},"author":1,"featured_media":0,"parent":0,"menu_order":0,"comment_status":"closed","ping_status":"closed","template":"","meta":{"site-sidebar-layout":"no-sidebar","site-content-layout":"page-builder","ast-site-content-layout":"full-width-container","site-content-style":"default","site-sidebar-style":"default","ast-global-header-display":"","ast-banner-title-visibility":"","ast-main-header-display":"","ast-hfb-above-header-display":"","ast-hfb-below-header-display":"","ast-hfb-mobile-header-display":"","site-post-title":"disabled","ast-breadcrumbs-content":"","ast-featured-img":"disabled","footer-sml-layout":"","ast-disable-related-posts":"","theme-transparent-header-meta":"","adv-header-id-meta":"","stick-header-meta":"","header-above-stick-meta":"","header-main-stick-meta":"","header-below-stick-meta":"","astra-migrate-meta-layouts":"set","ast-page-background-enabled":"default","ast-page-background-meta":{"desktop":{"background-color":"var(--ast-global-color-4)","background-image":"","background-repeat":"repeat","background-position":"center center","background-size":"auto","background-attachment":"scroll","background-type":"","background-media":"","overlay-type":"","overlay-color":"","overlay-opacity":"","overlay-gradient":""},"tablet":{"background-color":"","background-image":"","background-repeat":"repeat","background-position":"center center","background-size":"auto","background-attachment":"scroll","background-type":"","background-media":"","overlay-type":"","overlay-color":"","overlay-opacity":"","overlay-gradient":""},"mobile":{"background-color":"","background-image":"","background-repeat":"repeat","background-position":"center center","background-size":"auto","background-attachment":"scroll","background-type":"","background-media":"","overlay-type":"","overlay-color":"","overlay-opacity":"","overlay-gradient":""}},"ast-content-background-meta":{"desktop":{"background-color":"var(--ast-global-color-5)","background-image":"","background-repeat":"repeat","background-position":"center center","background-size":"auto","background-attachment":"scroll","background-type":"","background-media":"","overlay-type":"","overlay-color":"","overlay-opacity":"","overlay-gradient":""},"tablet":{"background-color":"var(--ast-global-color-5)","background-image":"","background-repeat":"repeat","background-position":"center center","background-size":"auto","background-attachment":"scroll","background-type":"","background-media":"","overlay-type":"","overlay-color":"","overlay-opacity":"","overlay-gradient":""},"mobile":{"background-color":"var(--ast-global-color-5)","background-image":"","background-repeat":"repeat","background-position":"center center","background-size":"auto","background-attachment":"scroll","background-type":"","background-media":"","overlay-type":"","overlay-color":"","overlay-opacity":"","overlay-gradient":""}},"footnotes":""},"class_list":["post-2436","page","type-page","status-publish","hentry"],"_links":{"self":[{"href":"https:\/\/neuro-medica.pl\/en\/wp-json\/wp\/v2\/pages\/2436","targetHints":{"allow":["GET"]}}],"collection":[{"href":"https:\/\/neuro-medica.pl\/en\/wp-json\/wp\/v2\/pages"}],"about":[{"href":"https:\/\/neuro-medica.pl\/en\/wp-json\/wp\/v2\/types\/page"}],"author":[{"embeddable":true,"href":"https:\/\/neuro-medica.pl\/en\/wp-json\/wp\/v2\/users\/1"}],"replies":[{"embeddable":true,"href":"https:\/\/neuro-medica.pl\/en\/wp-json\/wp\/v2\/comments?post=2436"}],"version-history":[{"count":31,"href":"https:\/\/neuro-medica.pl\/en\/wp-json\/wp\/v2\/pages\/2436\/revisions"}],"predecessor-version":[{"id":2822,"href":"https:\/\/neuro-medica.pl\/en\/wp-json\/wp\/v2\/pages\/2436\/revisions\/2822"}],"wp:attachment":[{"href":"https:\/\/neuro-medica.pl\/en\/wp-json\/wp\/v2\/media?parent=2436"}],"curies":[{"name":"wp","href":"https:\/\/api.w.org\/{rel}","templated":true}]}}